{"id":608,"date":"2015-12-17T17:11:20","date_gmt":"2015-12-17T16:11:20","guid":{"rendered":"https:\/\/android.chk.digital\/?page_id=608"},"modified":"2016-01-06T19:47:02","modified_gmt":"2016-01-06T18:47:02","slug":"calendar-supervison","status":"publish","type":"page","link":"https:\/\/android.chk.digital\/de\/personal-sunrise\/calendar-supervison\/","title":{"rendered":"Kalenderunterst\u00fctzung","raw":"Kalenderunterst\u00fctzung"},"content":{"rendered":"<p>F\u00fcr die Kalenderunterst\u00fctzung m\u00fcssen Sie erst einmal in den Einstellungen die Kalender, die daf\u00fcr benutzt werden, eintragen &#8211; erst dann ist dieses Feature aktiv.<\/p>\n<p>&#8216;<em>Personal Sunrise<\/em>&#8216; hat zwei Arten der Kalenderunterst\u00fctzung:<\/p>\n<h6>manuell<\/h6>\n<p>&#8216;<em>Personal Sunrise<\/em>&#8216; untersucht regelm\u00e4\u00dfig, ob ein\u00a0Text &#8220;@Sunrise:&#8221; (\u2660)\u00a0im Bemerkungsfeld\u00a0eines Termins vorkommt.<\/p>\n<p>Wenn ja, gibt es folgende M\u00f6glichkeiten:<\/p>\n<ol>\n<li>Der Text hei\u00dft &#8220;@Sunrise:- &#8220;:<br \/>\ndann werden Alarme in dem Zeitraum des Termins (insbesondere bei Ganztagesterminen also an diesem Tag oder an den Tagen) abgeschaltet. Wichtig ist hier, da\u00df direkt nach dem &#8216;-&#8216; keine Zahl kommt!<\/li>\n<li>Der Text hei\u00dft &#8220;@Sunrise:&lt;Zeitdifferenz&gt;&#8221;, wobei Zeitdifferenz in Stunden und Minuten ausgedr\u00fcckt wird:<br \/>\n&#8220;@Sunrise:-2h30m&#8221; legt einen Alarm\u00a02 1\/2 Stunden vor dem Termin an.<\/li>\n<li>Der Text hei\u00dft &#8220;@Sunrise:&lt;absolute Zeit&gt;&#8221;:<br \/>\n&#8220;@Sunrise:06:30&#8221; legt einen Alarm um 6 Uhr 30 an.<\/li>\n<\/ol>\n<h6>automatisch (Intelligente Urlaubserkennung)<\/h6>\n<p>Diese Option mu\u00df extra eingeschaltet werden. Die n\u00e4chsten Tage in den gew\u00e4hlten Kalendern werden untersucht, ob der\u00a0Text &#8220;Urlaub&#8221; im Bemerkungsfeld\u00a0eines ganzt\u00e4gigen (!) Termins vorkommt.<\/p>\n<p>Wenn ja, erscheint in der Benachrichtigungsleiste von Android ein Hinweis, dass ein Urlaub erkannt wurde. Man kann dann w\u00e4hlen, ob sich der Urlaub auf die Wecktermine auswirken soll (indem automatisch &#8220;@Sunrise:-&#8221; in das Bemerkungsfeld eingetragen wird) oder nicht.<\/p>\n<p><strong>Hierdurch angelegte oder unterdr\u00fcckte Alarme sind\u00a0in der Alarmliste mit &#8220;(CAL!)&#8221; gekennzeichnet.<\/strong><\/p>\n<h6>KONFIGURATION<\/h6>\n<p>Der Schl\u00fcssel der intelligenten Urlaubserkennung kann konfiguriert werden, Voreinstellung ist<\/p>\n<pre>\/Urlaubb\/;\/Bferienb\/<\/pre>\n<p>f\u00fcr deutschsprachige Benutzer.<\/p>\n<p>Folgende Regeln werden hier benutzt:<\/p>\n<ul>\n<li>Mehrere Schl\u00fcsselworte werden mit Semicolon (&#8220;;&#8221;) getrennt.<\/li>\n<li>Ein Schl\u00fcsselwort kann in einer von zwei verschiedenen Arten sein:<br \/>\n&#8211; Ein regul\u00e4rer Ausdruck, wenn es in Schr\u00e4gstriche (&#8220;\/&#8221;) eingeschlossen ist<br \/>\n&#8211; Sonst ist es normaler Text, der genau zutreffen mu\u00df. Wichtig: Leerzeichen sind wichtig, (&#8220;Urlaub &#8221; und &#8220;Urlaub&#8221; sind nicht dasselbe!).<\/li>\n<li>Alle Schl\u00fcsselworte sind nicht gro\u00dfschreibungssensitiv (&#8220;urlaub&#8221; trifft auch zu f\u00fcr das Schl\u00fcsselwort &#8220;Urlaub&#8221;).<\/li>\n<\/ul>\n<p>Beispiel:<\/p>\n<p>&#8220;\/(?-i)Urlaubb\/;\/ferienb\/&#8221;<\/p>\n<p>trifft bei &#8220;Urlaub&#8221; und &#8220;Sommerferien&#8221; zu, aber nicht bei &#8220;Urlaubsantrag&#8221; (&#8220;b&#8221; beschreibt ein Wort-Ende) oder &#8220;urlaub&#8221; (&#8220;(?-i)&#8221; macht den Vergleich gro\u00dfschreibungssensitiv) oder &#8220;Ferien&#8221; (Gro\u00dfschreibung!).<\/p>\n<hr \/>\n<p>\u2660 nat\u00fcrlich ohne Anf\u00fchrungszeichen!<\/p>\n","protected":false,"raw":"F\u00fcr die Kalenderunterst\u00fctzung m\u00fcssen Sie erst einmal in den Einstellungen die Kalender, die daf\u00fcr benutzt werden, eintragen - erst dann ist dieses Feature aktiv.\r\n\r\n'<em>Personal Sunrise<\/em>' hat zwei Arten der Kalenderunterst\u00fctzung:\r\n<h6>manuell<\/h6>\r\n'<em>Personal Sunrise<\/em>' untersucht regelm\u00e4\u00dfig, ob ein\u00a0Text \"@Sunrise:\" (\u2660)\u00a0im Bemerkungsfeld\u00a0eines Termins vorkommt.\r\n\r\nWenn ja, gibt es folgende M\u00f6glichkeiten:\r\n<ol>\r\n\t<li>Der Text hei\u00dft \"@Sunrise:- \":\r\ndann werden Alarme in dem Zeitraum des Termins (insbesondere bei Ganztagesterminen also an diesem Tag oder an den Tagen) abgeschaltet. Wichtig ist hier, da\u00df direkt nach dem '-' keine Zahl kommt!<\/li>\r\n\t<li>Der Text hei\u00dft \"@Sunrise:&lt;Zeitdifferenz&gt;\", wobei Zeitdifferenz in Stunden und Minuten ausgedr\u00fcckt wird:\r\n\"@Sunrise:-2h30m\" legt einen Alarm\u00a02 1\/2 Stunden vor dem Termin an.<\/li>\r\n\t<li>Der Text hei\u00dft \"@Sunrise:&lt;absolute Zeit&gt;\":\r\n\"@Sunrise:06:30\" legt einen Alarm um 6 Uhr 30 an.<\/li>\r\n<\/ol>\r\n<h6>automatisch (Intelligente Urlaubserkennung)<\/h6>\r\nDiese Option mu\u00df extra eingeschaltet werden. Die n\u00e4chsten Tage in den gew\u00e4hlten Kalendern werden untersucht, ob der\u00a0Text \"Urlaub\" im Bemerkungsfeld\u00a0eines ganzt\u00e4gigen (!) Termins vorkommt.\r\n\r\nWenn ja, erscheint in der Benachrichtigungsleiste von Android ein Hinweis, dass ein Urlaub erkannt wurde. Man kann dann w\u00e4hlen, ob sich der Urlaub auf die Wecktermine auswirken soll (indem automatisch \"@Sunrise:-\" in das Bemerkungsfeld eingetragen wird) oder nicht.\r\n\r\n<strong>Hierdurch angelegte oder unterdr\u00fcckte Alarme sind\u00a0in der Alarmliste mit \"(CAL!)\" gekennzeichnet.<\/strong>\r\n<h6>KONFIGURATION<\/h6>\r\nDer Schl\u00fcssel der intelligenten Urlaubserkennung kann konfiguriert werden, Voreinstellung ist\r\n<pre>\/Urlaubb\/;\/Bferienb\/<\/pre>\r\nf\u00fcr deutschsprachige Benutzer.\r\n\r\nFolgende Regeln werden hier benutzt:\r\n<ul>\r\n\t<li>Mehrere Schl\u00fcsselworte werden mit Semicolon (\";\") getrennt.<\/li>\r\n\t<li>Ein Schl\u00fcsselwort kann in einer von zwei verschiedenen Arten sein:\r\n- Ein regul\u00e4rer Ausdruck, wenn es in Schr\u00e4gstriche (\"\/\") eingeschlossen ist\r\n- Sonst ist es normaler Text, der genau zutreffen mu\u00df. Wichtig: Leerzeichen sind wichtig, (\"Urlaub \" und \"Urlaub\" sind nicht dasselbe!).<\/li>\r\n\t<li>Alle Schl\u00fcsselworte sind nicht gro\u00dfschreibungssensitiv (\"urlaub\" trifft auch zu f\u00fcr das Schl\u00fcsselwort \"Urlaub\").<\/li>\r\n<\/ul>\r\nBeispiel:\r\n\r\n\"\/(?-i)Urlaubb\/;\/ferienb\/\"\r\n\r\ntrifft bei \"Urlaub\" und \"Sommerferien\" zu, aber nicht bei \"Urlaubsantrag\" (\"b\" beschreibt ein Wort-Ende) oder \"urlaub\" (\"(?-i)\" macht den Vergleich gro\u00dfschreibungssensitiv) oder \"Ferien\" (Gro\u00dfschreibung!).\r\n\r\n<hr \/>\r\n\r\n\u2660 nat\u00fcrlich ohne Anf\u00fchrungszeichen!"},"excerpt":{"rendered":"","protected":false,"raw":""},"author":1,"featured_media":0,"parent":31,"menu_order":0,"comment_status":"closed","ping_status":"closed","template":"","meta":{"_en_post_content":"To enable this feature you need to enter the calendars to be supervised.\r\n\r\n'<em>Personal Sunrise<\/em>'\u00a0has two kinds of Calendar support:\r\n<h6>manualLY<\/h6>\r\n'<em>Personal Sunrise<\/em>' checks calendar events of the next days whether a comment field of a calendar entry\u00a0contains\u00a0\"@Sunrise:\" (\u2660).\r\n\r\nIf yes, it may take the following formats to have any effect:\r\n<ol>\r\n\t<li>The text is\u00a0\"@Sunrise:- \" (not followed by a digit!)\r\nthen alarms in the time\/date\u00a0span\u00a0of that calendar item\u00a0will be disabled<\/li>\r\n\t<li>The text is\u00a0\"@Sunrise:&lt;relative time&gt;\", with 'relative time' being expressed in hours and minutes:\r\n\"@Sunrise:-2h30m\" creates an alarm 2 1\/2 hours before the calendar event.<\/li>\r\n\t<li>The text is\u00a0\"@Sunrise:&lt;absolute time&gt;\":\r\n\"@Sunrise:06:30\" creates an alarm at\u00a06 Uhr 30.<\/li>\r\n<\/ol>\r\n<h6>Automatically\u00a0(Intelligent Vacation Detection)<\/h6>\r\nThis option must be enabled separately. Whole-day (!)\u00a0Calendar entries of the next days will be scanned for the word 'vacation'.\r\n\r\nIf there's one found, a notification will appear in the notification bar of Android asing you to either confirm\u00a0this as vacation and disable alarms in that date span, or to ignore it.\r\n\r\n<strong>Alarms created or suppressed by the Calendar Supervision are marked by \"CAL!)\" in the alarm list.<\/strong>\r\n<h6>Configuration<\/h6>\r\nThe keyword of the intelligent vacation detection can be configured, default is\r\n<pre>vacation;\/holidays?\/<\/pre>\r\nfor english users.\r\n\r\nThe following rules apply:\r\n<ul>\r\n\t<li>Multiple keywords are separated by \u00a0semicolon (\";\").<\/li>\r\n\t<li>A keyword\u00a0can have two forms:\r\n- a regular expression, if the keyword is enclosed in slashes (\"\/\")\r\n- plain text otherwise. Attention: spaces are important (\"vacation \" and \"vacation\" are different!), the\u00a0word is not case sensitive (\"Vacation\" will match \"vacation\" too).<\/li>\r\n<\/ul>\r\nExample:\r\n\r\n\"vacation \/(?-i)Holidays?\\b\/\"\r\n\r\ndoes match a subject containing \"vacation \" or\u00a0\"Vacation \" or \"Holiday\" or \"Holidays\", but not \"vacation\" (no space) or \"holidays\" (\"(?-i)\" makes it case sensitive).\r\n\r\n<hr \/>\r\n\r\n\u2660\u00a0without quotation marks!","_en_post_name":"calendar-supervision","_en_post_excerpt":"","_en_post_title":"Calendar Supervision","_de_post_content":"F\u00fcr die Kalenderunterst\u00fctzung m\u00fcssen Sie erst einmal in den Einstellungen die Kalender, die daf\u00fcr benutzt werden, eintragen - erst dann ist dieses Feature aktiv.\r\n\r\n'<em>Personal Sunrise<\/em>' hat zwei Arten der Kalenderunterst\u00fctzung:\r\n<h6>manuell<\/h6>\r\n'<em>Personal Sunrise<\/em>' untersucht regelm\u00e4\u00dfig, ob ein\u00a0Text \"@Sunrise:\" (\u2660)\u00a0im Bemerkungsfeld\u00a0eines Termins vorkommt.\r\n\r\nWenn ja, gibt es folgende M\u00f6glichkeiten:\r\n<ol>\r\n\t<li>Der Text hei\u00dft \"@Sunrise:- \":\r\ndann werden Alarme in dem Zeitraum des Termins (insbesondere bei Ganztagesterminen also an diesem Tag oder an den Tagen) abgeschaltet. Wichtig ist hier, da\u00df direkt nach dem '-' keine Zahl kommt!<\/li>\r\n\t<li>Der Text hei\u00dft \"@Sunrise:&lt;Zeitdifferenz&gt;\", wobei Zeitdifferenz in Stunden und Minuten ausgedr\u00fcckt wird:\r\n\"@Sunrise:-2h30m\" legt einen Alarm\u00a02 1\/2 Stunden vor dem Termin an.<\/li>\r\n\t<li>Der Text hei\u00dft \"@Sunrise:&lt;absolute Zeit&gt;\":\r\n\"@Sunrise:06:30\" legt einen Alarm um 6 Uhr 30 an.<\/li>\r\n<\/ol>\r\n<h6>automatisch (Intelligente Urlaubserkennung)<\/h6>\r\nDiese Option mu\u00df extra eingeschaltet werden. Die n\u00e4chsten Tage in den gew\u00e4hlten Kalendern werden untersucht, ob der\u00a0Text \"Urlaub\" im Bemerkungsfeld\u00a0eines ganzt\u00e4gigen (!) Termins vorkommt.\r\n\r\nWenn ja, erscheint in der Benachrichtigungsleiste von Android ein Hinweis, dass ein Urlaub erkannt wurde. Man kann dann w\u00e4hlen, ob sich der Urlaub auf die Wecktermine auswirken soll (indem automatisch \"@Sunrise:-\" in das Bemerkungsfeld eingetragen wird) oder nicht.\r\n\r\n<strong>Hierdurch angelegte oder unterdr\u00fcckte Alarme sind\u00a0in der Alarmliste mit \"(CAL!)\" gekennzeichnet.<\/strong>\r\n<h6>KONFIGURATION<\/h6>\r\nDer Schl\u00fcssel der intelligenten Urlaubserkennung kann konfiguriert werden, Voreinstellung ist\r\n<pre>\/Urlaubb\/;\/Bferienb\/<\/pre>\r\nf\u00fcr deutschsprachige Benutzer.\r\n\r\nFolgende Regeln werden hier benutzt:\r\n<ul>\r\n\t<li>Mehrere Schl\u00fcsselworte werden mit Semicolon (\";\") getrennt.<\/li>\r\n\t<li>Ein Schl\u00fcsselwort kann in einer von zwei verschiedenen Arten sein:\r\n- Ein regul\u00e4rer Ausdruck, wenn es in Schr\u00e4gstriche (\"\/\") eingeschlossen ist\r\n- Sonst ist es normaler Text, der genau zutreffen mu\u00df. Wichtig: Leerzeichen sind wichtig, (\"Urlaub \" und \"Urlaub\" sind nicht dasselbe!).<\/li>\r\n\t<li>Alle Schl\u00fcsselworte sind nicht gro\u00dfschreibungssensitiv (\"urlaub\" trifft auch zu f\u00fcr das Schl\u00fcsselwort \"Urlaub\").<\/li>\r\n<\/ul>\r\nBeispiel:\r\n\r\n\"\/(?-i)Urlaubb\/;\/ferienb\/\"\r\n\r\ntrifft bei \"Urlaub\" und \"Sommerferien\" zu, aber nicht bei \"Urlaubsantrag\" (\"b\" beschreibt ein Wort-Ende) oder \"urlaub\" (\"(?-i)\" macht den Vergleich gro\u00dfschreibungssensitiv) oder \"Ferien\" (Gro\u00dfschreibung!).\r\n\r\n<hr \/>\r\n\r\n\u2660 nat\u00fcrlich ohne Anf\u00fchrungszeichen!","_de_post_name":"calendar-supervison","_de_post_excerpt":"","_de_post_title":"Kalenderunterst\u00fctzung","edit_language":"de","footnotes":""},"class_list":["post-608","page","type-page","status-publish","hentry"],"_links":{"self":[{"href":"https:\/\/android.chk.digital\/de\/wp-json\/wp\/v2\/pages\/608","targetHints":{"allow":["GET"]}}],"collection":[{"href":"https:\/\/android.chk.digital\/de\/wp-json\/wp\/v2\/pages"}],"about":[{"href":"https:\/\/android.chk.digital\/de\/wp-json\/wp\/v2\/types\/page"}],"author":[{"embeddable":true,"href":"https:\/\/android.chk.digital\/de\/wp-json\/wp\/v2\/users\/1"}],"replies":[{"embeddable":true,"href":"https:\/\/android.chk.digital\/de\/wp-json\/wp\/v2\/comments?post=608"}],"version-history":[{"count":27,"href":"https:\/\/android.chk.digital\/de\/wp-json\/wp\/v2\/pages\/608\/revisions"}],"predecessor-version":[{"id":733,"href":"https:\/\/android.chk.digital\/de\/wp-json\/wp\/v2\/pages\/608\/revisions\/733"}],"up":[{"embeddable":true,"href":"https:\/\/android.chk.digital\/de\/wp-json\/wp\/v2\/pages\/31"}],"wp:attachment":[{"href":"https:\/\/android.chk.digital\/de\/wp-json\/wp\/v2\/media?parent=608"}],"curies":[{"name":"wp","href":"https:\/\/api.w.org\/{rel}","templated":true}]}}