{"id":580,"date":"2015-12-17T16:58:47","date_gmt":"2015-12-17T15:58:47","guid":{"rendered":"https:\/\/android.chk.digital\/?page_id=580"},"modified":"2015-12-17T17:32:44","modified_gmt":"2015-12-17T16:32:44","slug":"uhranzeige","status":"publish","type":"page","link":"https:\/\/android.chk.digital\/de\/personal-sunrise\/uhranzeige\/","title":{"rendered":"Uhranzeige","raw":"Uhranzeige"},"content":{"rendered":"<p>Die Uhranzeige kann &#8216;Personal Sunrise&#8217; zur\u00a0Nachttischuhr machen. Wenn Ihr Ger\u00e4t einen Lichtsensor hat, passt sich die Helligkeit an die Umgebung an, so da\u00df Sie die Uhr auch am Tag sehen k\u00f6nnen.<\/p>\n<p><img loading=\"lazy\" decoding=\"async\" class=\"alignnone size-large wp-image-630\" src=\"https:\/\/android.chk.digital\/wp-content\/uploads\/2015\/12\/clock-de-1024x640.jpg\" alt=\"clock-de\" width=\"660\" height=\"413\" srcset=\"https:\/\/android.chk.digital\/wp-content\/uploads\/2015\/12\/clock-de-1024x640.jpg 1024w, https:\/\/android.chk.digital\/wp-content\/uploads\/2015\/12\/clock-de-150x94.jpg 150w, https:\/\/android.chk.digital\/wp-content\/uploads\/2015\/12\/clock-de-300x188.jpg 300w, https:\/\/android.chk.digital\/wp-content\/uploads\/2015\/12\/clock-de-768x480.jpg 768w\" sizes=\"auto, (max-width: 660px) 100vw, 660px\" \/><\/p>\n<h6>Konfiguration<\/h6>\n<p>Starten Sie die Uhranzeige.<\/p>\n<ul>\n<li>Wenn Ihr Ger\u00e4t <strong>Hardware-Tasten<\/strong> besitzt: dann k\u00f6nnen Sie \u00fcber die Men\u00fc-Taste die Konfiguration anzeigen.<\/li>\n<li><strong>Ansonsten<\/strong> m\u00fcssen Sie erst von unten oder oben in das Display hinein wischen, um die Tasten anzuzeigen, wie bei Vollbild-Apps \u00fcblich.\u00a0Oder, wenn Sie auf die Uhr tippen, erscheint links oben ein &#8216;Einstellungs&#8217;-Symbol.<\/li>\n<\/ul>\n","protected":false,"raw":"Die Uhranzeige kann 'Personal Sunrise' zur\u00a0Nachttischuhr machen. Wenn Ihr Ger\u00e4t einen Lichtsensor hat, passt sich die Helligkeit an die Umgebung an, so da\u00df Sie die Uhr auch am Tag sehen k\u00f6nnen.\r\n\r\n<img class=\"alignnone size-large wp-image-630\" src=\"https:\/\/android.chk.digital\/wp-content\/uploads\/2015\/12\/clock-de-1024x640.jpg\" alt=\"clock-de\" width=\"660\" height=\"413\" \/>\r\n<h6>Konfiguration<\/h6>\r\nStarten Sie die Uhranzeige.\r\n<ul>\r\n\t<li>Wenn Ihr Ger\u00e4t <strong>Hardware-Tasten<\/strong> besitzt: dann k\u00f6nnen Sie \u00fcber die Men\u00fc-Taste die Konfiguration anzeigen.<\/li>\r\n\t<li><strong>Ansonsten<\/strong> m\u00fcssen Sie erst von unten oder oben in das Display hinein wischen, um die Tasten anzuzeigen, wie bei Vollbild-Apps \u00fcblich.\u00a0Oder, wenn Sie auf die Uhr tippen, erscheint links oben ein 'Einstellungs'-Symbol.<\/li>\r\n<\/ul>"},"excerpt":{"rendered":"","protected":false,"raw":""},"author":1,"featured_media":0,"parent":31,"menu_order":0,"comment_status":"closed","ping_status":"closed","template":"","meta":{"_en_post_content":"The bedside clock is a clock display that can be used during the night, and if the device supports an ambient light sensor, also during the day as the display brightness then varies with the environment.\r\n\r\n<img class=\"alignnone size-large wp-image-631\" src=\"https:\/\/android.chk.digital\/wp-content\/uploads\/2015\/12\/clock-en-1024x640.jpg\" alt=\"clock-en\" width=\"660\" height=\"413\" \/>\r\n<h6>Configuration<\/h6>\r\nStart the clock display.\r\n<ul>\r\n\t<li>If your device supports <strong>hardware keys<\/strong>: press the menu button.<\/li>\r\n\t<li><strong>Otherwise<\/strong> show the Android buttons by swiping into the display from the top or bottom, as usual for fullscreen apps.\u00a0Or, when you press on the clock display, a 'settings' button appears at the left top corner.<\/li>\r\n<\/ul>","_en_post_name":"bedside-clock","_en_post_excerpt":"","_en_post_title":"Bedside Clock","_de_post_content":"Die Uhranzeige kann 'Personal Sunrise' zur\u00a0Nachttischuhr machen. Wenn Ihr Ger\u00e4t einen Lichtsensor hat, passt sich die Helligkeit an die Umgebung an, so da\u00df Sie die Uhr auch am Tag sehen k\u00f6nnen.\r\n\r\n<img class=\"alignnone size-large wp-image-630\" src=\"https:\/\/android.chk.digital\/wp-content\/uploads\/2015\/12\/clock-de-1024x640.jpg\" alt=\"clock-de\" width=\"660\" height=\"413\" \/>\r\n<h6>Konfiguration<\/h6>\r\nStarten Sie die Uhranzeige.\r\n<ul>\r\n\t<li>Wenn Ihr Ger\u00e4t <strong>Hardware-Tasten<\/strong> besitzt: dann k\u00f6nnen Sie \u00fcber die Men\u00fc-Taste die Konfiguration anzeigen.<\/li>\r\n\t<li><strong>Ansonsten<\/strong> m\u00fcssen Sie erst von unten oder oben in das Display hinein wischen, um die Tasten anzuzeigen, wie bei Vollbild-Apps \u00fcblich.\u00a0Oder, wenn Sie auf die Uhr tippen, erscheint links oben ein 'Einstellungs'-Symbol.<\/li>\r\n<\/ul>","_de_post_name":"uhranzeige","_de_post_excerpt":"","_de_post_title":"Uhranzeige","edit_language":"de","footnotes":""},"class_list":["post-580","page","type-page","status-publish","hentry"],"_links":{"self":[{"href":"https:\/\/android.chk.digital\/de\/wp-json\/wp\/v2\/pages\/580","targetHints":{"allow":["GET"]}}],"collection":[{"href":"https:\/\/android.chk.digital\/de\/wp-json\/wp\/v2\/pages"}],"about":[{"href":"https:\/\/android.chk.digital\/de\/wp-json\/wp\/v2\/types\/page"}],"author":[{"embeddable":true,"href":"https:\/\/android.chk.digital\/de\/wp-json\/wp\/v2\/users\/1"}],"replies":[{"embeddable":true,"href":"https:\/\/android.chk.digital\/de\/wp-json\/wp\/v2\/comments?post=580"}],"version-history":[{"count":17,"href":"https:\/\/android.chk.digital\/de\/wp-json\/wp\/v2\/pages\/580\/revisions"}],"predecessor-version":[{"id":635,"href":"https:\/\/android.chk.digital\/de\/wp-json\/wp\/v2\/pages\/580\/revisions\/635"}],"up":[{"embeddable":true,"href":"https:\/\/android.chk.digital\/de\/wp-json\/wp\/v2\/pages\/31"}],"wp:attachment":[{"href":"https:\/\/android.chk.digital\/de\/wp-json\/wp\/v2\/media?parent=580"}],"curies":[{"name":"wp","href":"https:\/\/api.w.org\/{rel}","templated":true}]}}