{"id":559,"date":"2015-12-17T16:39:12","date_gmt":"2015-12-17T15:39:12","guid":{"rendered":"https:\/\/android.chk.digital\/?page_id=559"},"modified":"2015-12-17T16:52:36","modified_gmt":"2015-12-17T15:52:36","slug":"benutzungshinweise","status":"publish","type":"page","link":"https:\/\/android.chk.digital\/de\/personal-sunrise\/benutzungshinweise\/","title":{"rendered":"Benutzungshinweise","raw":"Benutzungshinweise"},"content":{"rendered":"<p>Stellen Sie das Tablet m\u00f6glichst steil neben das Bett, damit der Effekt so gro\u00df wie m\u00f6glich ist. Aber nicht zu nah, damit es auch stehen bleibt, wenn Sie unruhig schlafen \ud83d\ude09 Je kleiner das Ger\u00e4t ist, um so wichtiger ist nat\u00fcrlich, da\u00df die Oberfl\u00e4che m\u00f6glichst auf Sie gerichtet ist. Bei gro\u00dfen Tablets reicht m\u00f6glicherweise indirektes Licht aus, oder Sie verringern die maximale Helligkeit.<\/p>\n<p>Ihnen stehen Widgets f\u00fcr den Homescreen zur Verf\u00fcgung, um die n\u00e4chste Alarmzeit zu sehen, ohne <i>&#8216;Personal Sunrise&#8217;<\/i> \u00f6ffnen zu m\u00fcssen.<\/p>\n<p>Die Aufgabe von <i>&#8216;Personal Sunrise&#8217;<\/i> ist ein <b>sanftes<\/b> Erwachen, daher verzichte ich absichtlich auf komplexe Rechenaufgaben, in der Wohnung verteilte Barcodes und \u00e4hnliches!\u00a0Im Bedarfsfall k\u00f6nnen Sie immer noch in &#8216;Personal Sunrise&#8217; &#8220;lautlos&#8221; als Weckton einstellen, und einen der Brutalos auf den Weckzeitpunkt scharf machen.\u00a0Vielleicht erleichtert <i>&#8216;Personal Sunrise&#8217;<\/i> Ihnen ja auch dann das Wachwerden, wenn es Ihnen schwer f\u00e4llt?<\/p>\n<p><strong><span style=\"text-decoration: underline;\">Wichtiger Hinweis:<\/span> Sichern Sie zu wichtigen Terminen den Weckzeitpunkt noch mit einem herk\u00f6mmlichen Wecker &#8211; was Zuverl\u00e4ssigkeit angeht, ist (fast) jeder Wecker einem Tablet oder Smartphone \u00fcberlegen!!!<\/strong><\/p>\n<p>Ob Ihnen\u00a0<i>&#8216;Personal Sunrise&#8217;<\/i> einen &#8216;echten&#8217; Lichtwecker ersetzen kann, m\u00fcssen Sie selbst herausfinden,\u00a0das h\u00e4ngt von Faktoren wie dem normalen Umgebungslicht, der Gr\u00f6\u00dfe des Bildschirms, der Raumgeometrie des Zimmers und Ihrer individuellen Lichtempfindlichkeit ab.<\/p>\n<p>Mindestens auf Reisen w\u00fcrde ich aber keinen der gro\u00dfen Br\u00fcder mitnehmen wollen!<\/p>\n<h6>Energieverbrauch \/ stromloses Schlafzimmer<\/h6>\n<p>Da Sie das Tablet wahrscheinlich eh nachts aufladen, ist dies nat\u00fcrlich eine gute Gelegenheit, die Stromversorgung f\u00fcr den Wecker zu sichern.\u00a0Andererseits bietet Ihnen <i>&#8216;Personal Sunrise&#8217;<\/i> die M\u00f6glichkeit, einen Lichtwecker in einem stromlosen Schlafzimmer zu haben!<\/p>\n<p>Der Ablauf ist m\u00f6glichst energiesparend programmiert. Meine Tests ergaben einen geringen Verbrauch: weniger als 5% bei einer kompletten, halbst\u00fcndigen Lichtsimulation (Acer A510, Samsung Note 10, Nexus 7)\u00a0\u2660<\/p>\n<p>&nbsp;<\/p>\n<hr \/>\n<p>\u2660 Das gilt nat\u00fcrlich nicht f\u00fcr die Funktion als permanentes Uhrdisplay!<\/p>\n<p>&nbsp;<\/p>\n","protected":false,"raw":"Stellen Sie das Tablet m\u00f6glichst steil neben das Bett, damit der Effekt so gro\u00df wie m\u00f6glich ist. Aber nicht zu nah, damit es auch stehen bleibt, wenn Sie unruhig schlafen ;) Je kleiner das Ger\u00e4t ist, um so wichtiger ist nat\u00fcrlich, da\u00df die Oberfl\u00e4che m\u00f6glichst auf Sie gerichtet ist. Bei gro\u00dfen Tablets reicht m\u00f6glicherweise indirektes Licht aus, oder Sie verringern die maximale Helligkeit.\r\n\r\nIhnen stehen Widgets f\u00fcr den Homescreen zur Verf\u00fcgung, um die n\u00e4chste Alarmzeit zu sehen, ohne <i>'Personal Sunrise'<\/i> \u00f6ffnen zu m\u00fcssen.\r\n\r\nDie Aufgabe von <i>'Personal Sunrise'<\/i> ist ein <b>sanftes<\/b> Erwachen, daher verzichte ich absichtlich auf komplexe Rechenaufgaben, in der Wohnung verteilte Barcodes und \u00e4hnliches!\u00a0Im Bedarfsfall k\u00f6nnen Sie immer noch in 'Personal Sunrise' \"lautlos\" als Weckton einstellen, und einen der Brutalos auf den Weckzeitpunkt scharf machen.\u00a0Vielleicht erleichtert <i>'Personal Sunrise'<\/i> Ihnen ja auch dann das Wachwerden, wenn es Ihnen schwer f\u00e4llt?\r\n\r\n<strong><span style=\"text-decoration: underline;\">Wichtiger Hinweis:<\/span> Sichern Sie zu wichtigen Terminen den Weckzeitpunkt noch mit einem herk\u00f6mmlichen Wecker - was Zuverl\u00e4ssigkeit angeht, ist (fast) jeder Wecker einem Tablet oder Smartphone \u00fcberlegen!!!<\/strong>\r\n\r\nOb Ihnen\u00a0<i>'Personal Sunrise'<\/i> einen 'echten' Lichtwecker ersetzen kann, m\u00fcssen Sie selbst herausfinden,\u00a0das h\u00e4ngt von Faktoren wie dem normalen Umgebungslicht, der Gr\u00f6\u00dfe des Bildschirms, der Raumgeometrie des Zimmers und Ihrer individuellen Lichtempfindlichkeit ab.\r\n\r\nMindestens auf Reisen w\u00fcrde ich aber keinen der gro\u00dfen Br\u00fcder mitnehmen wollen!\r\n<h6>Energieverbrauch \/ stromloses Schlafzimmer<\/h6>\r\nDa Sie das Tablet wahrscheinlich eh nachts aufladen, ist dies nat\u00fcrlich eine gute Gelegenheit, die Stromversorgung f\u00fcr den Wecker zu sichern.\u00a0Andererseits bietet Ihnen <i>'Personal Sunrise'<\/i> die M\u00f6glichkeit, einen Lichtwecker in einem stromlosen Schlafzimmer zu haben!\r\n\r\nDer Ablauf ist m\u00f6glichst energiesparend programmiert. Meine Tests ergaben einen geringen Verbrauch: weniger als 5% bei einer kompletten, halbst\u00fcndigen Lichtsimulation (Acer A510, Samsung Note 10, Nexus 7)\u00a0\u2660\r\n\r\n&nbsp;\r\n\r\n<hr \/>\r\n\r\n\u2660 Das gilt nat\u00fcrlich nicht f\u00fcr die Funktion als permanentes Uhrdisplay!\r\n\r\n&nbsp;"},"excerpt":{"rendered":"","protected":false,"raw":""},"author":1,"featured_media":0,"parent":31,"menu_order":0,"comment_status":"closed","ping_status":"closed","template":"","meta":{"_en_post_content":"Put the tablet steeply next to the bed to maximize the light effect. But not too near, so that you do not throw it on the floor if you sleep agitated ;) Anyway, the smaller the device, the more important is it that the display looks in your direction. For large tablets, indirect light may work, or even reduced maximum brightness. <strong>Take some time to test your personal optimum.<\/strong>\r\n\r\nThe purpose of <i>'Personal Sunrise'<\/i> is a <b>smooth and easy<\/b> awakening, so I do without complex maths to be solved, or barcodes to be found, or such tasks to verify you are awake!\u00a0In need, you can set <i>'Personal Sunrise'<\/i> to \"silent\" alarm tones, and use one of those ruffians to do their hard job at alarm time.\r\nBut maybe <i>'Personal Sunrise'<\/i> still helps you to wake up more easily, and you will find you might not need them.\r\n\r\n<strong>Important Tip: use a 'standard' alarm clock as backup if you have important dates: considering reliability, old-fashioned alarm clocks beat every smartphone or tablet!!!<\/strong>\r\n\r\nWhether <i>'Personal Sunrise'<\/i> can replace a 'hardware' dawn simulator for you, you have to try yourself.\u00a0There are a lot of factors like environmental light, the size of the display, the room geometry and your sensitivity that are involved.\r\n\r\nAt least when travelling, the 'larger brothers' are not as easy to take with you as a table with <i>'Personal Sunrise'<\/i>!\r\n\r\nUse one of the widgets to see the next alarm time of <i>'Personal Sunrise'<\/i> on the home screen.\r\n<h6>Energy considerations\u00a0\/\u00a0Electromagnetic Radiation<\/h6>\r\nAs you are likely loading the tablet during the night, combine that to keep the tablet 'on the line' - yours would not be the first to be drained by a runaway program.\r\n\r\nOn the other hand, <i>'Personal Sunrise'<\/i> gives you a chance to have a dawn simulation in an electro-free bedroom!\r\n\r\nI have tried programming <i>'Personal Sunrise'<\/i> as battery-saving\u00a0as possible.\r\nMy tests did show less than 5% of the battery load for the whole wakeup cycle (Acer A510, Samsung Note, Nexus 7).\u00a0\u2660\r\n\r\n&nbsp;\r\n\r\n<hr \/>\r\n\r\n\u2660 This not valid for the clock display, of course\r\n\r\n&nbsp;","_en_post_name":"tips-for-use","_en_post_excerpt":"","_en_post_title":"Tips and Comments","_de_post_content":"Stellen Sie das Tablet m\u00f6glichst steil neben das Bett, damit der Effekt so gro\u00df wie m\u00f6glich ist. Aber nicht zu nah, damit es auch stehen bleibt, wenn Sie unruhig schlafen ;) Je kleiner das Ger\u00e4t ist, um so wichtiger ist nat\u00fcrlich, da\u00df die Oberfl\u00e4che m\u00f6glichst auf Sie gerichtet ist. Bei gro\u00dfen Tablets reicht m\u00f6glicherweise indirektes Licht aus, oder Sie verringern die maximale Helligkeit.\r\n\r\nIhnen stehen Widgets f\u00fcr den Homescreen zur Verf\u00fcgung, um die n\u00e4chste Alarmzeit zu sehen, ohne <i>'Personal Sunrise'<\/i> \u00f6ffnen zu m\u00fcssen.\r\n\r\nDie Aufgabe von <i>'Personal Sunrise'<\/i> ist ein <b>sanftes<\/b> Erwachen, daher verzichte ich absichtlich auf komplexe Rechenaufgaben, in der Wohnung verteilte Barcodes und \u00e4hnliches!\u00a0Im Bedarfsfall k\u00f6nnen Sie immer noch in 'Personal Sunrise' \"lautlos\" als Weckton einstellen, und einen der Brutalos auf den Weckzeitpunkt scharf machen.\u00a0Vielleicht erleichtert <i>'Personal Sunrise'<\/i> Ihnen ja auch dann das Wachwerden, wenn es Ihnen schwer f\u00e4llt?\r\n\r\n<strong><span style=\"text-decoration: underline;\">Wichtiger Hinweis:<\/span> Sichern Sie zu wichtigen Terminen den Weckzeitpunkt noch mit einem herk\u00f6mmlichen Wecker - was Zuverl\u00e4ssigkeit angeht, ist (fast) jeder Wecker einem Tablet oder Smartphone \u00fcberlegen!!!<\/strong>\r\n\r\nOb Ihnen\u00a0<i>'Personal Sunrise'<\/i> einen 'echten' Lichtwecker ersetzen kann, m\u00fcssen Sie selbst herausfinden,\u00a0das h\u00e4ngt von Faktoren wie dem normalen Umgebungslicht, der Gr\u00f6\u00dfe des Bildschirms, der Raumgeometrie des Zimmers und Ihrer individuellen Lichtempfindlichkeit ab.\r\n\r\nMindestens auf Reisen w\u00fcrde ich aber keinen der gro\u00dfen Br\u00fcder mitnehmen wollen!\r\n<h6>Energieverbrauch \/ stromloses Schlafzimmer<\/h6>\r\nDa Sie das Tablet wahrscheinlich eh nachts aufladen, ist dies nat\u00fcrlich eine gute Gelegenheit, die Stromversorgung f\u00fcr den Wecker zu sichern.\u00a0Andererseits bietet Ihnen <i>'Personal Sunrise'<\/i> die M\u00f6glichkeit, einen Lichtwecker in einem stromlosen Schlafzimmer zu haben!\r\n\r\nDer Ablauf ist m\u00f6glichst energiesparend programmiert. Meine Tests ergaben einen geringen Verbrauch: weniger als 5% bei einer kompletten, halbst\u00fcndigen Lichtsimulation (Acer A510, Samsung Note 10, Nexus 7)\u00a0\u2660\r\n\r\n&nbsp;\r\n\r\n<hr \/>\r\n\r\n\u2660 Das gilt nat\u00fcrlich nicht f\u00fcr die Funktion als permanentes Uhrdisplay!\r\n\r\n&nbsp;","_de_post_name":"benutzungshinweise","_de_post_excerpt":"","_de_post_title":"Benutzungshinweise","edit_language":"de","footnotes":""},"class_list":["post-559","page","type-page","status-publish","hentry"],"_links":{"self":[{"href":"https:\/\/android.chk.digital\/de\/wp-json\/wp\/v2\/pages\/559","targetHints":{"allow":["GET"]}}],"collection":[{"href":"https:\/\/android.chk.digital\/de\/wp-json\/wp\/v2\/pages"}],"about":[{"href":"https:\/\/android.chk.digital\/de\/wp-json\/wp\/v2\/types\/page"}],"author":[{"embeddable":true,"href":"https:\/\/android.chk.digital\/de\/wp-json\/wp\/v2\/users\/1"}],"replies":[{"embeddable":true,"href":"https:\/\/android.chk.digital\/de\/wp-json\/wp\/v2\/comments?post=559"}],"version-history":[{"count":13,"href":"https:\/\/android.chk.digital\/de\/wp-json\/wp\/v2\/pages\/559\/revisions"}],"predecessor-version":[{"id":579,"href":"https:\/\/android.chk.digital\/de\/wp-json\/wp\/v2\/pages\/559\/revisions\/579"}],"up":[{"embeddable":true,"href":"https:\/\/android.chk.digital\/de\/wp-json\/wp\/v2\/pages\/31"}],"wp:attachment":[{"href":"https:\/\/android.chk.digital\/de\/wp-json\/wp\/v2\/media?parent=559"}],"curies":[{"name":"wp","href":"https:\/\/api.w.org\/{rel}","templated":true}]}}