{"id":487,"date":"2015-12-13T00:18:06","date_gmt":"2015-12-12T23:18:06","guid":{"rendered":"https:\/\/android.chk.digital\/?page_id=487"},"modified":"2016-12-28T18:25:53","modified_gmt":"2016-12-28T17:25:53","slug":"benoetigte-rechte","status":"publish","type":"page","link":"https:\/\/android.chk.digital\/de\/personal-sunrise\/benoetigte-rechte\/","title":{"rendered":"Ben\u00f6tigte Rechte","raw":"Ben\u00f6tigte Rechte"},"content":{"rendered":"<h3><img loading=\"lazy\" decoding=\"async\" class=\"alignnone wp-image-475\" src=\"https:\/\/android.chk.digital\/wp-content\/uploads\/2015\/12\/Logo2.1.png\" alt=\"Logo2.1\" width=\"64\" height=\"64\" srcset=\"https:\/\/android.chk.digital\/wp-content\/uploads\/2015\/12\/Logo2.1.png 512w, https:\/\/android.chk.digital\/wp-content\/uploads\/2015\/12\/Logo2.1-150x150.png 150w, https:\/\/android.chk.digital\/wp-content\/uploads\/2015\/12\/Logo2.1-300x300.png 300w\" sizes=\"auto, (max-width: 64px) 100vw, 64px\" \/>\u00a0&#8220;Personal Sunrise&#8221;<\/h3>\n<h6><span style=\"text-decoration: underline;\">Fotos\/Medien\/Dateien:<\/span><\/h6>\n<ul>\n<li>f\u00fcr die Anzeige eines Fotos als Hintergrundbild f\u00fcr den Alarmschirm<\/li>\n<li>f\u00fcr den Zugriff auf Alarmt\u00f6ne oder\u00a0-musik<\/li>\n<li>um die Alarmt\u00f6ne lokal zu speichern<\/li>\n<\/ul>\n<h6><span style=\"text-decoration: underline;\">Ger\u00e4te-ID und Anrufinformation<\/span><\/h6>\n<ul>\n<li>READ_PHONE_STATE: Zur Erkennung eines Anrufs, und um sich in einem solchen Fall passiv verhalten zu k\u00f6nnen, um den Anruf nicht zu st\u00f6ren<\/li>\n<\/ul>\n<h6><span style=\"text-decoration: underline;\">Kalender<\/span><\/h6>\n<ul>\n<li>READ_CALENDAR: um den Kalender (nach Einstellen der Option) nach Schl\u00fcsselworten durchsuchen zu k\u00f6nnen, um entsprechende Aktionen auszuf\u00fchren (&#8220;@sunrise:-&#8221; um Alarme zu unterdr\u00fccken etc)<\/li>\n<li>WRITE_CALENDAR: um bei der (optionalen) &#8220;Intelligenten Kalender\u00fcberwachung&#8221; die &#8220;@sunrise:&#8221;-Befehle in das Bemerkungsfeld eines Termins schreiben zu k\u00f6nnen<\/li>\n<\/ul>\n<h6><span style=\"text-decoration: underline;\">Netzwerk<\/span><\/h6>\n<ul>\n<li>INTERNET: um Musik-Streams aus dem Internet\u00a0abzuspielen (f\u00fcr den Netzwerkzugriff der Wettervorhersage ben\u00f6tigt man das Plugin), und f\u00fcr den Hue-Lichtsystem-Support<\/li>\n<li>ACCESS_NETWORK_STATE f\u00fcr die WLAN-\u00dcberwachung f\u00fcr den Hue-Lichtsystem-Support<\/li>\n<li>ACCESS_WIFI_STATE, ACCESS_NETWORK_STATE: f\u00fcr die WLAN-\u00dcberwachung f\u00fcr den Hue-Lichtsystem-Support und Musik-Streaming<\/li>\n<li>CHANGE_WIFI_STATE: um das WLAN ein- und auszuschalten, wenn es benutzt oder per Option gew\u00fcnscht istr<\/li>\n<\/ul>\n<h6><span style=\"text-decoration: underline;\">Sonstiges<\/span><\/h6>\n<ul>\n<li>das meiste d\u00fcrfte f\u00fcr einen Wecker klar sein \ud83d\ude09<\/li>\n<\/ul>\n<hr \/>\n<h3>\u00a0<img loading=\"lazy\" decoding=\"async\" class=\"alignnone wp-image-519\" src=\"https:\/\/android.chk.digital\/wp-content\/uploads\/2015\/12\/Logo2a.png\" alt=\"Logo2a\" width=\"64\" height=\"64\" srcset=\"https:\/\/android.chk.digital\/wp-content\/uploads\/2015\/12\/Logo2a.png 512w, https:\/\/android.chk.digital\/wp-content\/uploads\/2015\/12\/Logo2a-150x150.png 150w, https:\/\/android.chk.digital\/wp-content\/uploads\/2015\/12\/Logo2a-300x300.png 300w\" sizes=\"auto, (max-width: 64px) 100vw, 64px\" \/>\u00a0&#8220;Personal Sunrise Plugin&#8221;<\/h3>\n<h6><span style=\"text-decoration: underline;\">Positionsdaten<\/span><\/h6>\n<ul>\n<li>zur Bequemlichkeit, damit man die Koordinaten f\u00fcr Wettervorhersage und\/oder Sonnenaufgangs- und untergangszeit nicht manuell eintippen mu\u00df<\/li>\n<\/ul>\n<h6><span style=\"text-decoration: underline;\">Netzwerk<\/span><\/h6>\n<ul>\n<li>INTERNET: F\u00fcr die Wettervorhersage:\u00a0Sendet die Positionsdaten (die man aber manuell \u00e4ndern kann, wenn man m\u00f6chte), empf\u00e4ngt die Wettervorhersagedaten<\/li>\n<\/ul>\n<hr \/>\n<h4>Mein Versprechen<\/h4>\n<p>Weder sammelt Personal Sunrise pers\u00f6nliche oder andere Information, noch sendet oder mi\u00dfbraucht es solche, und benutzt die angeforderten Rechte nur f\u00fcr die weckertypischen Aufgaben.<\/p>\n","protected":false,"raw":"<h3><img class=\"alignnone wp-image-475\" src=\"https:\/\/android.chk.digital\/wp-content\/uploads\/2015\/12\/Logo2.1.png\" alt=\"Logo2.1\" width=\"64\" height=\"64\" \/>\u00a0\"Personal Sunrise\"<\/h3>\r\n<h6><span style=\"text-decoration: underline;\">Fotos\/Medien\/Dateien:<\/span><\/h6>\r\n<ul>\r\n \t<li>f\u00fcr die Anzeige eines Fotos als Hintergrundbild f\u00fcr den Alarmschirm<\/li>\r\n \t<li>f\u00fcr den Zugriff auf Alarmt\u00f6ne oder\u00a0-musik<\/li>\r\n \t<li>um die Alarmt\u00f6ne lokal zu speichern<\/li>\r\n<\/ul>\r\n<h6><span style=\"text-decoration: underline;\">Ger\u00e4te-ID und Anrufinformation<\/span><\/h6>\r\n<ul>\r\n \t<li>READ_PHONE_STATE: Zur Erkennung eines Anrufs, und um sich in einem solchen Fall passiv verhalten zu k\u00f6nnen, um den Anruf nicht zu st\u00f6ren<\/li>\r\n<\/ul>\r\n<h6><span style=\"text-decoration: underline;\">Kalender<\/span><\/h6>\r\n<ul>\r\n \t<li>READ_CALENDAR: um den Kalender (nach Einstellen der Option) nach Schl\u00fcsselworten durchsuchen zu k\u00f6nnen, um entsprechende Aktionen auszuf\u00fchren (\"@sunrise:-\" um Alarme zu unterdr\u00fccken etc)<\/li>\r\n \t<li>WRITE_CALENDAR: um bei der (optionalen) \"Intelligenten Kalender\u00fcberwachung\" die \"@sunrise:\"-Befehle in das Bemerkungsfeld eines Termins schreiben zu k\u00f6nnen<\/li>\r\n<\/ul>\r\n<h6><span style=\"text-decoration: underline;\">Netzwerk<\/span><\/h6>\r\n<ul>\r\n \t<li>INTERNET: um Musik-Streams aus dem Internet\u00a0abzuspielen (f\u00fcr den Netzwerkzugriff der Wettervorhersage ben\u00f6tigt man das Plugin), und f\u00fcr den Hue-Lichtsystem-Support<\/li>\r\n \t<li>ACCESS_NETWORK_STATE f\u00fcr die WLAN-\u00dcberwachung f\u00fcr den Hue-Lichtsystem-Support<\/li>\r\n \t<li>ACCESS_WIFI_STATE, ACCESS_NETWORK_STATE: f\u00fcr die WLAN-\u00dcberwachung f\u00fcr den Hue-Lichtsystem-Support und Musik-Streaming<\/li>\r\n \t<li>CHANGE_WIFI_STATE: um das WLAN ein- und auszuschalten, wenn es benutzt oder per Option gew\u00fcnscht istr<\/li>\r\n<\/ul>\r\n<h6><span style=\"text-decoration: underline;\">Sonstiges<\/span><\/h6>\r\n<ul>\r\n \t<li>das meiste d\u00fcrfte f\u00fcr einen Wecker klar sein ;)<\/li>\r\n<\/ul>\r\n\r\n<hr \/>\r\n\r\n<h3>\u00a0<img class=\"alignnone wp-image-519\" src=\"https:\/\/android.chk.digital\/wp-content\/uploads\/2015\/12\/Logo2a.png\" alt=\"Logo2a\" width=\"64\" height=\"64\" \/>\u00a0\"Personal Sunrise Plugin\"<\/h3>\r\n<h6><span style=\"text-decoration: underline;\">Positionsdaten<\/span><\/h6>\r\n<ul>\r\n \t<li>zur Bequemlichkeit, damit man die Koordinaten f\u00fcr Wettervorhersage und\/oder Sonnenaufgangs- und untergangszeit nicht manuell eintippen mu\u00df<\/li>\r\n<\/ul>\r\n<h6><span style=\"text-decoration: underline;\">Netzwerk<\/span><\/h6>\r\n<ul>\r\n \t<li>INTERNET: F\u00fcr die Wettervorhersage:\u00a0Sendet die Positionsdaten (die man aber manuell \u00e4ndern kann, wenn man m\u00f6chte), empf\u00e4ngt die Wettervorhersagedaten<\/li>\r\n<\/ul>\r\n\r\n<hr \/>\r\n\r\n<h4>Mein Versprechen<\/h4>\r\nWeder sammelt Personal Sunrise pers\u00f6nliche oder andere Information, noch sendet oder mi\u00dfbraucht es solche, und benutzt die angeforderten Rechte nur f\u00fcr die weckertypischen Aufgaben."},"excerpt":{"rendered":"","protected":false,"raw":""},"author":1,"featured_media":0,"parent":31,"menu_order":2,"comment_status":"closed","ping_status":"closed","template":"","meta":{"_en_post_content":"<h3><img class=\"alignnone wp-image-475\" src=\"https:\/\/android.chk.digital\/wp-content\/uploads\/2015\/12\/Logo2.1.png\" alt=\"Logo2.1\" width=\"64\" height=\"64\" \/>\u00a0\"Personal Sunrise\"<\/h3>\r\n<h6><span style=\"text-decoration: underline;\">Photos\/Media\/Files:<\/span><\/h6>\r\n<ul>\r\n \t<li>for an own photo as background for the alarm screen<\/li>\r\n \t<li>access of sound and music files<\/li>\r\n \t<li>to store the alarm sound file(s) locally<\/li>\r\n<\/ul>\r\n<h6><span style=\"text-decoration: underline;\">Device ID and Call Information<\/span><\/h6>\r\n<ul>\r\n \t<li>READ_PHONE_STATE: to be able to detect a call and to be passive in case of a call<\/li>\r\n<\/ul>\r\n<h6><span style=\"text-decoration: underline;\">Calendar<\/span><\/h6>\r\n<ul>\r\n \t<li>READ_CALENDAR: to be able to scan the calendar for keywords and act accordingly if the option is set (like \"@sunrise:-\" to disable alarms etc)<\/li>\r\n \t<li>WRITE_CALENDAR: to add \"@sunrise:\" commands in the event description, used by the optional \"Intelligent Calendar Supervision\"<\/li>\r\n<\/ul>\r\n<h6><span style=\"text-decoration: underline;\">Network<\/span><\/h6>\r\n<ul>\r\n \t<li>INTERNET: used only to play music streams from the internet (other network accesses (like the weather forecast) need the plugin to be installed). And it is needed\u00a0for the\u00a0Hue Support.<\/li>\r\n \t<li>ACCESS_WIFI_STATE, ACCESS_NETWORK_STATE: to monitor WiFi connection (for Hue Support and music streaming)<\/li>\r\n \t<li>CHANGE_WIFI_STATE: to switch WiFi on\/off if needed or requested by option<\/li>\r\n<\/ul>\r\n<h6><span style=\"text-decoration: underline;\">Others<\/span><\/h6>\r\n<ul>\r\n \t<li>they should be clear for an alarm app\u00a0;)<\/li>\r\n<\/ul>\r\n\r\n<hr \/>\r\n\r\n<h3><img class=\"alignnone wp-image-519\" src=\"https:\/\/android.chk.digital\/wp-content\/uploads\/2015\/12\/Logo2a.png\" alt=\"Logo2a\" width=\"65\" height=\"65\" \/>\u00a0\"Personal Sunrise Plugin\"<\/h3>\r\n<h6><span style=\"text-decoration: underline;\">Location<\/span><\/h6>\r\n<ul>\r\n \t<li>for convenience, so that you do not need to enter the coordinate manually that is needed for weather forecast and sunrise\/-sunset times<\/li>\r\n<\/ul>\r\n<h6><span style=\"text-decoration: underline;\">Network<\/span><\/h6>\r\n<ul>\r\n \t<li>INTERNET: for the weather forecast. Sends the location data (you can modify them manually if you like), and receives the forecast data<\/li>\r\n<\/ul>\r\n\r\n<hr \/>\r\n\r\n<h4>My promise<\/h4>\r\nPersonal Sunrise does neither collect nor send or misuse personal information, and makes minimal use of the rights given.","_en_post_name":"required-rights","_en_post_excerpt":"","_en_post_title":"Required Permissions","_de_post_content":"<h3><img class=\"alignnone wp-image-475\" src=\"https:\/\/android.chk.digital\/wp-content\/uploads\/2015\/12\/Logo2.1.png\" alt=\"Logo2.1\" width=\"64\" height=\"64\" \/>\u00a0\"Personal Sunrise\"<\/h3>\r\n<h6><span style=\"text-decoration: underline;\">Fotos\/Medien\/Dateien:<\/span><\/h6>\r\n<ul>\r\n \t<li>f\u00fcr die Anzeige eines Fotos als Hintergrundbild f\u00fcr den Alarmschirm<\/li>\r\n \t<li>f\u00fcr den Zugriff auf Alarmt\u00f6ne oder\u00a0-musik<\/li>\r\n \t<li>um die Alarmt\u00f6ne lokal zu speichern<\/li>\r\n<\/ul>\r\n<h6><span style=\"text-decoration: underline;\">Ger\u00e4te-ID und Anrufinformation<\/span><\/h6>\r\n<ul>\r\n \t<li>READ_PHONE_STATE: Zur Erkennung eines Anrufs, und um sich in einem solchen Fall passiv verhalten zu k\u00f6nnen, um den Anruf nicht zu st\u00f6ren<\/li>\r\n<\/ul>\r\n<h6><span style=\"text-decoration: underline;\">Kalender<\/span><\/h6>\r\n<ul>\r\n \t<li>READ_CALENDAR: um den Kalender (nach Einstellen der Option) nach Schl\u00fcsselworten durchsuchen zu k\u00f6nnen, um entsprechende Aktionen auszuf\u00fchren (\"@sunrise:-\" um Alarme zu unterdr\u00fccken etc)<\/li>\r\n \t<li>WRITE_CALENDAR: um bei der (optionalen) \"Intelligenten Kalender\u00fcberwachung\" die \"@sunrise:\"-Befehle in das Bemerkungsfeld eines Termins schreiben zu k\u00f6nnen<\/li>\r\n<\/ul>\r\n<h6><span style=\"text-decoration: underline;\">Netzwerk<\/span><\/h6>\r\n<ul>\r\n \t<li>INTERNET: um Musik-Streams aus dem Internet\u00a0abzuspielen (f\u00fcr den Netzwerkzugriff der Wettervorhersage ben\u00f6tigt man das Plugin), und f\u00fcr den Hue-Lichtsystem-Support<\/li>\r\n \t<li>ACCESS_NETWORK_STATE f\u00fcr die WLAN-\u00dcberwachung f\u00fcr den Hue-Lichtsystem-Support<\/li>\r\n \t<li>ACCESS_WIFI_STATE, ACCESS_NETWORK_STATE: f\u00fcr die WLAN-\u00dcberwachung f\u00fcr den Hue-Lichtsystem-Support und Musik-Streaming<\/li>\r\n \t<li>CHANGE_WIFI_STATE: um das WLAN ein- und auszuschalten, wenn es benutzt oder per Option gew\u00fcnscht istr<\/li>\r\n<\/ul>\r\n<h6><span style=\"text-decoration: underline;\">Sonstiges<\/span><\/h6>\r\n<ul>\r\n \t<li>das meiste d\u00fcrfte f\u00fcr einen Wecker klar sein ;)<\/li>\r\n<\/ul>\r\n\r\n<hr \/>\r\n\r\n<h3>\u00a0<img class=\"alignnone wp-image-519\" src=\"https:\/\/android.chk.digital\/wp-content\/uploads\/2015\/12\/Logo2a.png\" alt=\"Logo2a\" width=\"64\" height=\"64\" \/>\u00a0\"Personal Sunrise Plugin\"<\/h3>\r\n<h6><span style=\"text-decoration: underline;\">Positionsdaten<\/span><\/h6>\r\n<ul>\r\n \t<li>zur Bequemlichkeit, damit man die Koordinaten f\u00fcr Wettervorhersage und\/oder Sonnenaufgangs- und untergangszeit nicht manuell eintippen mu\u00df<\/li>\r\n<\/ul>\r\n<h6><span style=\"text-decoration: underline;\">Netzwerk<\/span><\/h6>\r\n<ul>\r\n \t<li>INTERNET: F\u00fcr die Wettervorhersage:\u00a0Sendet die Positionsdaten (die man aber manuell \u00e4ndern kann, wenn man m\u00f6chte), empf\u00e4ngt die Wettervorhersagedaten<\/li>\r\n<\/ul>\r\n\r\n<hr \/>\r\n\r\n<h4>Mein Versprechen<\/h4>\r\nWeder sammelt Personal Sunrise pers\u00f6nliche oder andere Information, noch sendet oder mi\u00dfbraucht es solche, und benutzt die angeforderten Rechte nur f\u00fcr die weckertypischen Aufgaben.","_de_post_name":"benoetigte-rechte","_de_post_excerpt":"","_de_post_title":"Ben\u00f6tigte Rechte","edit_language":"de","footnotes":""},"class_list":["post-487","page","type-page","status-publish","hentry"],"_links":{"self":[{"href":"https:\/\/android.chk.digital\/de\/wp-json\/wp\/v2\/pages\/487","targetHints":{"allow":["GET"]}}],"collection":[{"href":"https:\/\/android.chk.digital\/de\/wp-json\/wp\/v2\/pages"}],"about":[{"href":"https:\/\/android.chk.digital\/de\/wp-json\/wp\/v2\/types\/page"}],"author":[{"embeddable":true,"href":"https:\/\/android.chk.digital\/de\/wp-json\/wp\/v2\/users\/1"}],"replies":[{"embeddable":true,"href":"https:\/\/android.chk.digital\/de\/wp-json\/wp\/v2\/comments?post=487"}],"version-history":[{"count":56,"href":"https:\/\/android.chk.digital\/de\/wp-json\/wp\/v2\/pages\/487\/revisions"}],"predecessor-version":[{"id":1314,"href":"https:\/\/android.chk.digital\/de\/wp-json\/wp\/v2\/pages\/487\/revisions\/1314"}],"up":[{"embeddable":true,"href":"https:\/\/android.chk.digital\/de\/wp-json\/wp\/v2\/pages\/31"}],"wp:attachment":[{"href":"https:\/\/android.chk.digital\/de\/wp-json\/wp\/v2\/media?parent=487"}],"curies":[{"name":"wp","href":"https:\/\/api.w.org\/{rel}","templated":true}]}}