{"id":3667,"date":"2022-10-26T06:01:18","date_gmt":"2022-10-26T04:01:18","guid":{"rendered":"https:\/\/android.chk.digital\/?page_id=3667"},"modified":"2023-11-14T13:52:12","modified_gmt":"2023-11-14T12:52:12","slug":"datenschutz","status":"publish","type":"page","link":"https:\/\/android.chk.digital\/de\/ecar-charger-control\/datenschutz\/","title":{"rendered":"Datenschutz","raw":"Datenschutz"},"content":{"rendered":"\n<ul class=\"wp-block-list\">\n<li>Die App sammelt keine pers\u00f6nlichen Daten. Passw\u00f6rter, die f\u00fcr das\/die Ger\u00e4t(e) (Wallbox, Smartmeter, PC-System oder Auto) verwendet werden, werden in verschl\u00fcsselter Form auf dem Ger\u00e4t gespeichert. Bei einigen Ger\u00e4ten k\u00f6nnen Passw\u00f6rter, die beim Verbinden des Ger\u00e4ts im Klartext verwendet werden, in der Debug-Protokollierung enthalten, wenn der Benutzer sie aktiviert und an mich gesendet hat, aber nur von mir verwendet, wenn ich die Zustimmung des Benutzers habe, und nur zu Debugging-Zwecken.<\/li>\n\n\n\n<li>Die Fernsteuerungsfunktion wird mit der Google FireBase Relatime Database durchgef\u00fchrt. Deren Datenschutzerkl\u00e4rung lautet <a href=\"https:\/\/firebase.google.com\/support\/privacy?hl=de\">https:\/\/firebase.google.com\/support\/privacy?hl=de<\/a> und gilt nur, wenn der Nutzer die Fernsteuerungsfunktion verwendet. Das Konto dort kann man \u00fcber die  Fernsteuerungs-Seite l\u00f6schen.<\/li>\n\n\n\n<li>Die Wettervorhersage wird von OpenWeather.org erstellt, die Datenschutzerkl\u00e4rung ist unter <a href=\"https:\/\/openweather.co.uk\/privacy-policy\">https:\/\/openweather.co.uk\/privacy-policy<\/a> zu finden.<\/li>\n\n\n\n<li>StromGedacht-Vorhersage: die Abfragen sind anonym, au\u00dfer dass die Postleitzahl \u00fcbermittelt wird (da sie ben\u00f6tigt wird!)<\/li>\n\n\n\n<li>Tibber-Abfrage: hier muss der Token des Benutzers geschickt werden, klar<\/li>\n\n\n\n<li>EPEX-Abfrage: nur die angegebene Bidding Zone wird versendet (\u00fcber &#8220;Entsoe.eu&#8221;).<\/li>\n<\/ul>\n","protected":false,"raw":"<!-- wp:list -->\n<ul><!-- wp:list-item -->\n<li>Die App sammelt keine pers\u00f6nlichen Daten. Passw\u00f6rter, die f\u00fcr das\/die Ger\u00e4t(e) (Wallbox, Smartmeter, PC-System oder Auto) verwendet werden, werden in verschl\u00fcsselter Form auf dem Ger\u00e4t gespeichert. Bei einigen Ger\u00e4ten k\u00f6nnen Passw\u00f6rter, die beim Verbinden des Ger\u00e4ts im Klartext verwendet werden, in der Debug-Protokollierung enthalten, wenn der Benutzer sie aktiviert und an mich gesendet hat, aber nur von mir verwendet, wenn ich die Zustimmung des Benutzers habe, und nur zu Debugging-Zwecken.<\/li>\n<!-- \/wp:list-item -->\n\n<!-- wp:list-item -->\n<li>Die Fernsteuerungsfunktion wird mit der Google FireBase Relatime Database durchgef\u00fchrt. Deren Datenschutzerkl\u00e4rung lautet <a href=\"https:\/\/firebase.google.com\/support\/privacy?hl=de\">https:\/\/firebase.google.com\/support\/privacy?hl=de<\/a> und gilt nur, wenn der Nutzer die Fernsteuerungsfunktion verwendet. Das Konto dort kann man \u00fcber die  Fernsteuerungs-Seite l\u00f6schen.<\/li>\n<!-- \/wp:list-item -->\n\n<!-- wp:list-item -->\n<li>Die Wettervorhersage wird von OpenWeather.org erstellt, die Datenschutzerkl\u00e4rung ist unter <a href=\"https:\/\/openweather.co.uk\/privacy-policy\">https:\/\/openweather.co.uk\/privacy-policy<\/a> zu finden.<\/li>\n<!-- \/wp:list-item -->\n\n<!-- wp:list-item -->\n<li>StromGedacht-Vorhersage: die Abfragen sind anonym, au\u00dfer dass die Postleitzahl \u00fcbermittelt wird (da sie ben\u00f6tigt wird!)<\/li>\n<!-- \/wp:list-item -->\n\n<!-- wp:list-item -->\n<li>Tibber-Abfrage: hier muss der Token des Benutzers geschickt werden, klar<\/li>\n<!-- \/wp:list-item -->\n\n<!-- wp:list-item -->\n<li>EPEX-Abfrage: nur die angegebene Bidding Zone wird versendet (\u00fcber \"Entsoe.eu\").<\/li>\n<!-- \/wp:list-item --><\/ul>\n<!-- \/wp:list -->"},"excerpt":{"rendered":"","protected":false,"raw":""},"author":1,"featured_media":0,"parent":2368,"menu_order":999,"comment_status":"closed","ping_status":"closed","template":"","meta":{"_en_post_content":"<!-- wp:list -->\n<ul><!-- wp:list-item -->\n<li>The app does not collect any personal data - passwords used for the device(s) (Wallbox, Smartmeter, PC system or car) are stored on the device only in encrypted form. For some devices, passwords that are used in clear text when connecting the device are contained in the debug logging if the user did activate it and send it to me, but only used by me if I have consent from the user, and only for debugging purposes.<\/li>\n<!-- \/wp:list-item -->\n\n<!-- wp:list-item -->\n<li>The remote control feature is done using the Google FireBase Relatime Database. Its privacy statement is <a href=\"https:\/\/firebase.google.com\/support\/privacy?hl=en\">https:\/\/firebase.google.com\/support\/privacy?hl=en<\/a> and only applies if the user uses the remote control. The Firebase account can be deleted in the remote control settings of the app.<\/li>\n<!-- \/wp:list-item -->\n\n<!-- wp:list-item -->\n<li>The weather forecast is done by OpenWeatherMap.org, it's privacy statement can be found at <a href=\"https:\/\/openweather.co.uk\/privacy-policy\">https:\/\/openweather.co.uk\/privacy-policy<\/a><\/li>\n<!-- \/wp:list-item -->\n\n<!-- wp:list-item -->\n<li>StromGedacht forecast: the queries are anonymously except that the ZIP code is being transferred (as it is needed!)<\/li>\n<!-- \/wp:list-item -->\n\n<!-- wp:list-item -->\n<li>Tibber query: here the token of the user must be sent.<\/li>\n<!-- \/wp:list-item -->\n\n<!-- wp:list-item -->\n<li>EPEX query: only the specified bidding zone is sent (via \"Entsoe.eu\").<\/li>\n<!-- \/wp:list-item --><\/ul>\n<!-- \/wp:list -->","_en_post_name":"privacy-statement","_en_post_excerpt":"","_en_post_title":"Privacy Statement","_de_post_content":"<!-- wp:list -->\n<ul><!-- wp:list-item -->\n<li>Die App sammelt keine pers\u00f6nlichen Daten. Passw\u00f6rter, die f\u00fcr das\/die Ger\u00e4t(e) (Wallbox, Smartmeter, PC-System oder Auto) verwendet werden, werden in verschl\u00fcsselter Form auf dem Ger\u00e4t gespeichert. Bei einigen Ger\u00e4ten k\u00f6nnen Passw\u00f6rter, die beim Verbinden des Ger\u00e4ts im Klartext verwendet werden, in der Debug-Protokollierung enthalten, wenn der Benutzer sie aktiviert und an mich gesendet hat, aber nur von mir verwendet, wenn ich die Zustimmung des Benutzers habe, und nur zu Debugging-Zwecken.<\/li>\n<!-- \/wp:list-item -->\n\n<!-- wp:list-item -->\n<li>Die Fernsteuerungsfunktion wird mit der Google FireBase Relatime Database durchgef\u00fchrt. Deren Datenschutzerkl\u00e4rung lautet <a href=\"https:\/\/firebase.google.com\/support\/privacy?hl=de\">https:\/\/firebase.google.com\/support\/privacy?hl=de<\/a> und gilt nur, wenn der Nutzer die Fernsteuerungsfunktion verwendet. Das Konto dort kann man \u00fcber die  Fernsteuerungs-Seite l\u00f6schen.<\/li>\n<!-- \/wp:list-item -->\n\n<!-- wp:list-item -->\n<li>Die Wettervorhersage wird von OpenWeather.org erstellt, die Datenschutzerkl\u00e4rung ist unter <a href=\"https:\/\/openweather.co.uk\/privacy-policy\">https:\/\/openweather.co.uk\/privacy-policy<\/a> zu finden.<\/li>\n<!-- \/wp:list-item -->\n\n<!-- wp:list-item -->\n<li>StromGedacht-Vorhersage: die Abfragen sind anonym, au\u00dfer dass die Postleitzahl \u00fcbermittelt wird (da sie ben\u00f6tigt wird!)<\/li>\n<!-- \/wp:list-item -->\n\n<!-- wp:list-item -->\n<li>Tibber-Abfrage: hier muss der Token des Benutzers geschickt werden, klar<\/li>\n<!-- \/wp:list-item -->\n\n<!-- wp:list-item -->\n<li>EPEX-Abfrage: nur die angegebene Bidding Zone wird versendet (\u00fcber \"Entsoe.eu\").<\/li>\n<!-- \/wp:list-item --><\/ul>\n<!-- \/wp:list -->","_de_post_name":"datenschutz","_de_post_excerpt":"","_de_post_title":"Datenschutz","edit_language":"de","footnotes":""},"class_list":["post-3667","page","type-page","status-publish","hentry"],"_links":{"self":[{"href":"https:\/\/android.chk.digital\/de\/wp-json\/wp\/v2\/pages\/3667","targetHints":{"allow":["GET"]}}],"collection":[{"href":"https:\/\/android.chk.digital\/de\/wp-json\/wp\/v2\/pages"}],"about":[{"href":"https:\/\/android.chk.digital\/de\/wp-json\/wp\/v2\/types\/page"}],"author":[{"embeddable":true,"href":"https:\/\/android.chk.digital\/de\/wp-json\/wp\/v2\/users\/1"}],"replies":[{"embeddable":true,"href":"https:\/\/android.chk.digital\/de\/wp-json\/wp\/v2\/comments?post=3667"}],"version-history":[{"count":4,"href":"https:\/\/android.chk.digital\/de\/wp-json\/wp\/v2\/pages\/3667\/revisions"}],"predecessor-version":[{"id":3760,"href":"https:\/\/android.chk.digital\/de\/wp-json\/wp\/v2\/pages\/3667\/revisions\/3760"}],"up":[{"embeddable":true,"href":"https:\/\/android.chk.digital\/de\/wp-json\/wp\/v2\/pages\/2368"}],"wp:attachment":[{"href":"https:\/\/android.chk.digital\/de\/wp-json\/wp\/v2\/media?parent=3667"}],"curies":[{"name":"wp","href":"https:\/\/api.w.org\/{rel}","templated":true}]}}