{"id":3556,"date":"2022-02-25T07:04:55","date_gmt":"2022-02-25T06:04:55","guid":{"rendered":"https:\/\/android.chk.digital\/?page_id=3556"},"modified":"2026-01-20T18:41:13","modified_gmt":"2026-01-20T17:41:13","slug":"einrichtung-diverser-pv-anlagen-oder-smartmeter","status":"publish","type":"page","link":"https:\/\/android.chk.digital\/de\/ecar-charger-control\/einrichtung-diverser-pv-anlagen-oder-smartmeter\/","title":{"rendered":"Hinweise f\u00fcr PV-Anlagen, Heimspeicher und SmartMeter","raw":"Hinweise f\u00fcr PV-Anlagen, Heimspeicher und SmartMeter"},"content":{"rendered":"\r\n<h4 class=\"wp-block-heading\">Es gibt drei Betriebsmodi der PV-Regelung:<\/h4>\r\n\r\n\r\n\r\n<p>(a) Reiner <strong>PV-Steuerungsbetrieb:<\/strong> dann liest die Software den Wechselrichter aus, und Du musst den Heimverbrauch sch\u00e4tzen, der wird pauschal abgezogen. Das ist &#8220;PV-Ertrag statt SmartMeter-Daten nutzen&#8221; in meiner App.<\/p>\r\n\r\n\r\n\r\n<p>(b) Reiner <strong>\u00dcberschussbetrieb<\/strong>: das Smartmeter am \u00dcbergabepunkt wird ausgelesen und ausgewertet. Das ist ja der eigentlich relevante Wert. F\u00fcr das Optische w\u00e4re noch der PV-Ertrag &#8220;nett&#8221;, wird aber nicht gebraucht. Mittlerweile kann man den WEcshelrichter \u00fcber &#8220;Weitere Stromquellen&#8221; einbinden in der App, dann hat man auch die PV-Leistung in der Anzeige.<\/p>\r\n\r\n\r\n\r\n<p>Ganz einfach ist das mit Smartmeter-Auslese-Ger\u00e4ten (powerfox, &#8230;) oder eigenen Smartmetern oder deren Ersatz (ShellyEM). Siehe <a href=\"https:\/\/android.chk.digital\/ecar-charger-control#smartmeter_source\" target=\"_blank\" rel=\"noreferrer noopener\">https:\/\/android.chk.digital\/ecar-charger-control#smartmeter_source<\/a>.<\/p>\r\n\r\n\r\n\r\n<p>Das funktioniert aber <strong>nicht<\/strong>\u00a0gut, wenn ein Heimspeicher vorhanden ist.<\/p>\r\n\r\n\r\n\r\n<p>Die Wallbox wird ja anhand der Grid-Smartmeter-Daten geregelt. Wenn exportiert wird: Leistung wird entsprechend erh\u00f6ht. Wenn importiert wird, wird die Ladeleistung enstprechend geringer geregelt.<\/p>\r\n\r\n\r\n\r\n<p>Wenn nun der Speicher daf\u00fcr sorgt, dass nie importiert wird, &#8211; was ja seine Aufgabe ist &#8211; dann regelt die Steuerung immer h\u00f6her, bis Maximum (oder der Speicherentladestom maximal ist, und dann wieder bezogen wird).<\/p>\r\n<p>Somit ist dann ein Heimspeicher ununterscheidbar von einer &#8220;gew\u00fcnschten&#8221; Energiequelle und das Auto w\u00fcrde weiter (und immer st\u00e4rker) laden, unbeachtet ob die Leistung von der PV-Anlage oder vom Heimspeicher kommt, bis dieser leer ist. Daher ben\u00f6tigt man, wenn man einen Heimspeicher hat, den Zugriff auf die Anlagendaten (Akku + Smartmeter, hier auf, wenn vorhanden, aus optischen Gr\u00fcnden die PV-Daten).<\/p>\r\n\r\n\r\n\r\n<p>Notl\u00f6sung: man stellt permanent eine Reserve von ein paar hundert Watt ein (h\u00f6her als der mittlere Hausverbrauch).<\/p>\r\n<p>\r\n\r\n<\/p>\r\n<p>Der Speicher bedingt immer ein Smartmeter am \u00dcbergabepunkt f\u00fcr seine Regelung, hat also immer die Grid-Export\/Import-Daten.<\/p>\r\n\r\n\r\n\r\n<p>(c) das Beste: der <strong>Anlagen-Betrieb<\/strong>: Anschluss der App an den Wechselrichter, wenn er die Heimspeicher-Daten hat (&#8220;Hybrid&#8221;-Wechselrichter) oder an den Heimspeicher (z.B. Sonnen). Siehe <a href=\"https:\/\/android.chk.digital\/ecar-charger-control#smartmeter_devices\" target=\"_blank\" rel=\"noreferrer noopener\">https:\/\/android.chk.digital\/ecar-charger-control#smartmeter_devices<\/a><\/p>\r\n\r\n\r\n\r\n<p><em>(b) und (c) unterscheiden sich dadurch, an welches Ger\u00e4t man die App anschlie\u00dft.<\/em><\/p>\r\n\r\n\r\n\r\n<p>&nbsp;<\/p>\r\n\r\n\r\n\r\n<p>Siehe beispielsweise auch <a href=\"https:\/\/www.goingelectric.de\/wiki\/Strom-von-der-eigenen-Solaranlage-laden\/\">https:\/\/www.goingelectric.de\/wiki\/Strom-von-der-eigenen-Solaranlage-laden\/<\/a><\/p>\r\n\r\n\r\n<hr class=\"wp-block-separator has-alpha-channel-opacity\" \/>\r\n\r\n\r\n<h2 class=\"wp-block-heading\">Besonderheiten einzelner Ger\u00e4te: <em>PV-Anlagen und SmartMeter<\/em><\/h2>\r\n\r\n\r\n\r\n<p>&#8230; sind jetzt zu finden unter <a href=\"https:\/\/forum.chk.digital\/viewtopic.php?t=14\">https:\/\/forum.chk.digital\/viewtopic.php?t=14<\/a><\/p>\r\n\r\n\r\n<hr class=\"wp-block-separator has-alpha-channel-opacity\" \/>","protected":false,"raw":"<!-- wp:heading {\"level\":4} -->\r\n<h4 class=\"wp-block-heading\">Es gibt drei Betriebsmodi der PV-Regelung:<\/h4>\r\n<!-- \/wp:heading -->\r\n\r\n<!-- wp:paragraph -->\r\n<p>(a) Reiner <strong>PV-Steuerungsbetrieb:<\/strong> dann liest die Software den Wechselrichter aus, und Du musst den Heimverbrauch sch\u00e4tzen, der wird pauschal abgezogen. Das ist \"PV-Ertrag statt SmartMeter-Daten nutzen\" in meiner App.<\/p>\r\n<!-- \/wp:paragraph -->\r\n\r\n<!-- wp:paragraph -->\r\n<p>(b) Reiner <strong>\u00dcberschussbetrieb<\/strong>: das Smartmeter am \u00dcbergabepunkt wird ausgelesen und ausgewertet. Das ist ja der eigentlich relevante Wert. F\u00fcr das Optische w\u00e4re noch der PV-Ertrag \"nett\", wird aber nicht gebraucht. Mittlerweile kann man den WEcshelrichter \u00fcber \"Weitere Stromquellen\" einbinden in der App, dann hat man auch die PV-Leistung in der Anzeige.<\/p>\r\n<!-- \/wp:paragraph -->\r\n\r\n<!-- wp:paragraph -->\r\n<p>Ganz einfach ist das mit Smartmeter-Auslese-Ger\u00e4ten (powerfox, ...) oder eigenen Smartmetern oder deren Ersatz (ShellyEM). Siehe <a href=\"https:\/\/android.chk.digital\/ecar-charger-control#smartmeter_source\" target=\"_blank\" rel=\"noreferrer noopener\">https:\/\/android.chk.digital\/ecar-charger-control#smartmeter_source<\/a>.<\/p>\r\n<!-- \/wp:paragraph -->\r\n\r\n<!-- wp:paragraph -->\r\n<p>Das funktioniert aber <strong>nicht<\/strong>\u00a0gut, wenn ein Heimspeicher vorhanden ist.<\/p>\r\n<!-- \/wp:paragraph -->\r\n\r\n<!-- wp:paragraph -->\r\n<p>Die Wallbox wird ja anhand der Grid-Smartmeter-Daten geregelt. Wenn exportiert wird: Leistung wird entsprechend erh\u00f6ht. Wenn importiert wird, wird die Ladeleistung enstprechend geringer geregelt.<\/p>\r\n<!-- \/wp:paragraph -->\r\n\r\n<!-- wp:paragraph -->\r\n<p>Wenn nun der Speicher daf\u00fcr sorgt, dass nie importiert wird, - was ja seine Aufgabe ist - dann regelt die Steuerung immer h\u00f6her, bis Maximum (oder der Speicherentladestom maximal ist, und dann wieder bezogen wird).<\/p>\r\n<p>Somit ist dann ein Heimspeicher ununterscheidbar von einer \"gew\u00fcnschten\" Energiequelle und das Auto w\u00fcrde weiter (und immer st\u00e4rker) laden, unbeachtet ob die Leistung von der PV-Anlage oder vom Heimspeicher kommt, bis dieser leer ist. Daher ben\u00f6tigt man, wenn man einen Heimspeicher hat, den Zugriff auf die Anlagendaten (Akku + Smartmeter, hier auf, wenn vorhanden, aus optischen Gr\u00fcnden die PV-Daten).<\/p>\r\n<!-- \/wp:paragraph -->\r\n\r\n<!-- wp:paragraph -->\r\n<p>Notl\u00f6sung: man stellt permanent eine Reserve von ein paar hundert Watt ein (h\u00f6her als der mittlere Hausverbrauch).<\/p>\r\n<p><!-- \/wp:paragraph -->\r\n\r\n<!-- wp:paragraph --><\/p>\r\n<p>Der Speicher bedingt immer ein Smartmeter am \u00dcbergabepunkt f\u00fcr seine Regelung, hat also immer die Grid-Export\/Import-Daten.<\/p>\r\n<!-- \/wp:paragraph -->\r\n\r\n<!-- wp:paragraph -->\r\n<p>(c) das Beste: der <strong>Anlagen-Betrieb<\/strong>: Anschluss der App an den Wechselrichter, wenn er die Heimspeicher-Daten hat (\"Hybrid\"-Wechselrichter) oder an den Heimspeicher (z.B. Sonnen). Siehe <a href=\"https:\/\/android.chk.digital\/ecar-charger-control#smartmeter_devices\" target=\"_blank\" rel=\"noreferrer noopener\">https:\/\/android.chk.digital\/ecar-charger-control#smartmeter_devices<\/a><\/p>\r\n<!-- \/wp:paragraph -->\r\n\r\n<!-- wp:paragraph -->\r\n<p><em>(b) und (c) unterscheiden sich dadurch, an welches Ger\u00e4t man die App anschlie\u00dft.<\/em><\/p>\r\n<!-- \/wp:paragraph -->\r\n\r\n<!-- wp:paragraph -->\r\n<p>&nbsp;<\/p>\r\n<!-- \/wp:paragraph -->\r\n\r\n<!-- wp:paragraph -->\r\n<p>Siehe beispielsweise auch <a href=\"https:\/\/www.goingelectric.de\/wiki\/Strom-von-der-eigenen-Solaranlage-laden\/\">https:\/\/www.goingelectric.de\/wiki\/Strom-von-der-eigenen-Solaranlage-laden\/<\/a><\/p>\r\n<!-- \/wp:paragraph -->\r\n\r\n<!-- wp:separator --><hr class=\"wp-block-separator has-alpha-channel-opacity\" \/><!-- \/wp:separator -->\r\n\r\n<!-- wp:heading -->\r\n<h2 class=\"wp-block-heading\">Besonderheiten einzelner Ger\u00e4te: <em>PV-Anlagen und SmartMeter<\/em><\/h2>\r\n<!-- \/wp:heading -->\r\n\r\n<!-- wp:paragraph -->\r\n<p>... sind jetzt zu finden unter <a href=\"https:\/\/forum.chk.digital\/viewtopic.php?t=14\">https:\/\/forum.chk.digital\/viewtopic.php?t=14<\/a><\/p>\r\n<!-- \/wp:paragraph -->\r\n\r\n<!-- wp:separator --><hr class=\"wp-block-separator has-alpha-channel-opacity\" \/><!-- \/wp:separator -->"},"excerpt":{"rendered":"","protected":false,"raw":""},"author":1,"featured_media":0,"parent":2368,"menu_order":1,"comment_status":"closed","ping_status":"closed","template":"","meta":{"_en_post_content":"<!-- wp:heading -->\n<h2 class=\"wp-block-heading\">(this page is only available in German, sorry: <a href=\"https:\/\/android.chk.digital\/?page_id=3556\">https:\/\/android.chk.digital\/?page_id=3556<\/a>)<\/h2>\n<!-- \/wp:heading -->\n\n<p><\/p>\n\n<!-- wp:paragraph -->\n<p><\/p>\n<!-- \/wp:paragraph -->","_en_post_name":"einrichtung-diverser-pv-anlagen-oder-smartmeter_en","_en_post_excerpt":"","_en_post_title":"Tipps zu PV-Anlagen\/SmartMetern o.\u00e4.","_de_post_content":"<!-- wp:heading {\"level\":4} -->\r\n<h4 class=\"wp-block-heading\">Es gibt drei Betriebsmodi der PV-Regelung:<\/h4>\r\n<!-- \/wp:heading -->\r\n\r\n<!-- wp:paragraph -->\r\n<p>(a) Reiner <strong>PV-Steuerungsbetrieb:<\/strong> dann liest die Software den Wechselrichter aus, und Du musst den Heimverbrauch sch\u00e4tzen, der wird pauschal abgezogen. Das ist \"PV-Ertrag statt SmartMeter-Daten nutzen\" in meiner App.<\/p>\r\n<!-- \/wp:paragraph -->\r\n\r\n<!-- wp:paragraph -->\r\n<p>(b) Reiner <strong>\u00dcberschussbetrieb<\/strong>: das Smartmeter am \u00dcbergabepunkt wird ausgelesen und ausgewertet. Das ist ja der eigentlich relevante Wert. F\u00fcr das Optische w\u00e4re noch der PV-Ertrag \"nett\", wird aber nicht gebraucht. Mittlerweile kann man den WEcshelrichter \u00fcber \"Weitere Stromquellen\" einbinden in der App, dann hat man auch die PV-Leistung in der Anzeige.<\/p>\r\n<!-- \/wp:paragraph -->\r\n\r\n<!-- wp:paragraph -->\r\n<p>Ganz einfach ist das mit Smartmeter-Auslese-Ger\u00e4ten (powerfox, ...) oder eigenen Smartmetern oder deren Ersatz (ShellyEM). Siehe <a href=\"https:\/\/android.chk.digital\/ecar-charger-control#smartmeter_source\" target=\"_blank\" rel=\"noreferrer noopener\">https:\/\/android.chk.digital\/ecar-charger-control#smartmeter_source<\/a>.<\/p>\r\n<!-- \/wp:paragraph -->\r\n\r\n<!-- wp:paragraph -->\r\n<p>Das funktioniert aber <strong>nicht<\/strong>\u00a0gut, wenn ein Heimspeicher vorhanden ist.<\/p>\r\n<!-- \/wp:paragraph -->\r\n\r\n<!-- wp:paragraph -->\r\n<p>Die Wallbox wird ja anhand der Grid-Smartmeter-Daten geregelt. Wenn exportiert wird: Leistung wird entsprechend erh\u00f6ht. Wenn importiert wird, wird die Ladeleistung enstprechend geringer geregelt.<\/p>\r\n<!-- \/wp:paragraph -->\r\n\r\n<!-- wp:paragraph -->\r\n<p>Wenn nun der Speicher daf\u00fcr sorgt, dass nie importiert wird, - was ja seine Aufgabe ist - dann regelt die Steuerung immer h\u00f6her, bis Maximum (oder der Speicherentladestom maximal ist, und dann wieder bezogen wird).<\/p>\r\n<p>Somit ist dann ein Heimspeicher ununterscheidbar von einer \"gew\u00fcnschten\" Energiequelle und das Auto w\u00fcrde weiter (und immer st\u00e4rker) laden, unbeachtet ob die Leistung von der PV-Anlage oder vom Heimspeicher kommt, bis dieser leer ist. Daher ben\u00f6tigt man, wenn man einen Heimspeicher hat, den Zugriff auf die Anlagendaten (Akku + Smartmeter, hier auf, wenn vorhanden, aus optischen Gr\u00fcnden die PV-Daten).<\/p>\r\n<!-- \/wp:paragraph -->\r\n\r\n<!-- wp:paragraph -->\r\n<p>Notl\u00f6sung: man stellt permanent eine Reserve von ein paar hundert Watt ein (h\u00f6her als der mittlere Hausverbrauch).<\/p>\r\n<p><!-- \/wp:paragraph -->\r\n\r\n<!-- wp:paragraph --><\/p>\r\n<p>Der Speicher bedingt immer ein Smartmeter am \u00dcbergabepunkt f\u00fcr seine Regelung, hat also immer die Grid-Export\/Import-Daten.<\/p>\r\n<!-- \/wp:paragraph -->\r\n\r\n<!-- wp:paragraph -->\r\n<p>(c) das Beste: der <strong>Anlagen-Betrieb<\/strong>: Anschluss der App an den Wechselrichter, wenn er die Heimspeicher-Daten hat (\"Hybrid\"-Wechselrichter) oder an den Heimspeicher (z.B. Sonnen). Siehe <a href=\"https:\/\/android.chk.digital\/ecar-charger-control#smartmeter_devices\" target=\"_blank\" rel=\"noreferrer noopener\">https:\/\/android.chk.digital\/ecar-charger-control#smartmeter_devices<\/a><\/p>\r\n<!-- \/wp:paragraph -->\r\n\r\n<!-- wp:paragraph -->\r\n<p><em>(b) und (c) unterscheiden sich dadurch, an welches Ger\u00e4t man die App anschlie\u00dft.<\/em><\/p>\r\n<!-- \/wp:paragraph -->\r\n\r\n<!-- wp:paragraph -->\r\n<p>&nbsp;<\/p>\r\n<!-- \/wp:paragraph -->\r\n\r\n<!-- wp:paragraph -->\r\n<p>Siehe beispielsweise auch <a href=\"https:\/\/www.goingelectric.de\/wiki\/Strom-von-der-eigenen-Solaranlage-laden\/\">https:\/\/www.goingelectric.de\/wiki\/Strom-von-der-eigenen-Solaranlage-laden\/<\/a><\/p>\r\n<!-- \/wp:paragraph -->\r\n\r\n<!-- wp:separator --><hr class=\"wp-block-separator has-alpha-channel-opacity\" \/><!-- \/wp:separator -->\r\n\r\n<!-- wp:heading -->\r\n<h2 class=\"wp-block-heading\">Besonderheiten einzelner Ger\u00e4te: <em>PV-Anlagen und SmartMeter<\/em><\/h2>\r\n<!-- \/wp:heading -->\r\n\r\n<!-- wp:paragraph -->\r\n<p>... sind jetzt zu finden unter <a href=\"https:\/\/forum.chk.digital\/viewtopic.php?t=14\">https:\/\/forum.chk.digital\/viewtopic.php?t=14<\/a><\/p>\r\n<!-- \/wp:paragraph -->\r\n\r\n<!-- wp:separator --><hr class=\"wp-block-separator has-alpha-channel-opacity\" \/><!-- \/wp:separator -->","_de_post_name":"einrichtung-diverser-pv-anlagen-oder-smartmeter","_de_post_excerpt":"","_de_post_title":"Hinweise f\u00fcr PV-Anlagen, Heimspeicher und SmartMeter","edit_language":"de","footnotes":""},"class_list":["post-3556","page","type-page","status-publish","hentry"],"_links":{"self":[{"href":"https:\/\/android.chk.digital\/de\/wp-json\/wp\/v2\/pages\/3556","targetHints":{"allow":["GET"]}}],"collection":[{"href":"https:\/\/android.chk.digital\/de\/wp-json\/wp\/v2\/pages"}],"about":[{"href":"https:\/\/android.chk.digital\/de\/wp-json\/wp\/v2\/types\/page"}],"author":[{"embeddable":true,"href":"https:\/\/android.chk.digital\/de\/wp-json\/wp\/v2\/users\/1"}],"replies":[{"embeddable":true,"href":"https:\/\/android.chk.digital\/de\/wp-json\/wp\/v2\/comments?post=3556"}],"version-history":[{"count":11,"href":"https:\/\/android.chk.digital\/de\/wp-json\/wp\/v2\/pages\/3556\/revisions"}],"predecessor-version":[{"id":4530,"href":"https:\/\/android.chk.digital\/de\/wp-json\/wp\/v2\/pages\/3556\/revisions\/4530"}],"up":[{"embeddable":true,"href":"https:\/\/android.chk.digital\/de\/wp-json\/wp\/v2\/pages\/2368"}],"wp:attachment":[{"href":"https:\/\/android.chk.digital\/de\/wp-json\/wp\/v2\/media?parent=3556"}],"curies":[{"name":"wp","href":"https:\/\/api.w.org\/{rel}","templated":true}]}}