{"id":3521,"date":"2022-01-29T20:44:51","date_gmt":"2022-01-29T19:44:51","guid":{"rendered":"https:\/\/android.chk.digital\/?page_id=3521"},"modified":"2023-08-17T07:16:54","modified_gmt":"2023-08-17T05:16:54","slug":"","status":"publish","type":"page","link":"https:\/\/android.chk.digital\/de\/ecar-charger-control\/nicht-unterstutze-wallboxen\/","title":{"rendered":"Nicht unterst\u00fctzte\/unterst\u00fctzbare Wallboxen","raw":"Nicht unterst\u00fctzte\/unterst\u00fctzbare Wallboxen"},"content":{"rendered":"\n<h2 class=\"wp-block-heading\">Evsedo (siehe auch &#8211; evtl. baugleich &#8211; autoaid)<\/h2>\n\n\n\n<ul class=\"wp-block-list\">\n<li>keine ver\u00f6ffentlichte API<\/li>\n\n\n\n<li>Anfrage l\u00e4uft, Antwort kam schnell: &#8220;wir wollen es evaluieren&#8221;. Klingt gut. Stay tuned. Passiert aber nix.<\/li>\n<\/ul>\n\n\n\n<h2 class=\"wp-block-heading\">Alpha ESS Smile<\/h2>\n\n\n\n<ul class=\"wp-block-list\">\n<li>keine ver\u00f6ffentlichte API<\/li>\n\n\n\n<li>Anfrage l\u00e4uft (nix passiert)<\/li>\n<\/ul>\n\n\n\n<h2 class=\"wp-block-heading\">Weexu M3W (Daheimladen etc)<\/h2>\n\n\n\n<ul class=\"wp-block-list\">\n<li>&#8220;daheimladen&#8221; hat keine ver\u00f6ffentlichte API, es ist also keine Steuerung der Box m\u00f6glich.<\/li>\n\n\n\n<li>angefragt &#8211; keine Antwort des Herstellers<\/li>\n<\/ul>\n\n\n\n<h2 class=\"wp-block-heading\">autoaid, Entratek, Duosida, etc<\/h2>\n\n\n\n<ul class=\"wp-block-list\">\n<li>nur OCPP (cloudbasiertes Abrechnungs- und Lastmanagement-Protokoll)<\/li>\n\n\n\n<li>angefragt &#8211; keine Antwort des Herstellers<\/li>\n<\/ul>\n\n\n\n<h2 class=\"wp-block-heading\">wallbox.com, Pulsar<\/h2>\n\n\n\n<ul class=\"wp-block-list\">\n<li>angefragt &#8211; keine Antwort des Herstellers<\/li>\n<\/ul>\n\n\n\n<h2 class=\"wp-block-heading\">Zaptec Go<\/h2>\n\n\n\n<ul class=\"wp-block-list\">\n<li>reine Cloud-API, nein danke<\/li>\n<\/ul>\n\n\n\n<h2 class=\"wp-block-heading\">VW \/ elli<\/h2>\n\n\n\n<ul class=\"wp-block-list\">\n<li>nur OCPP (cloudbasiertes Abrechnungs- und Lastmanagement-Protokoll)<\/li>\n\n\n\n<li>EEBUS &#8211; zu komplex, um es jetzt anzugehen, wird aber kommen.<\/li>\n<\/ul>\n\n\n\n<h2 class=\"wp-block-heading\">Elvi<\/h2>\n\n\n\n<ul class=\"wp-block-list\">\n<li>Anfrage, &#8220;klingt interessant&#8221;, wollten zur\u00fcckrufen (das war Anfang 2021- aber die fingen schon in der ersten Mail mit &#8220;business cases&#8221; an, dann ist klar, dass das nichts wird)<\/li>\n<\/ul>\n\n\n\n<h2 class=\"wp-block-heading\">senec<\/h2>\n\n\n\n<ul class=\"wp-block-list\">\n<li>keine Dokumentation. Evtl. \u00fcber &#8220;wbec&#8221; (<a href=\"https:\/\/opensourcelibs.com\/lib\/wbec\">https:\/\/opensourcelibs.com\/lib\/wbec<\/a>) steuerbar.<\/li>\n<\/ul>\n\n\n\n<h2 class=\"wp-block-heading\">SMA<\/h2>\n\n\n\n<ul class=\"wp-block-list\">\n<li>Laut Kommentarbereich gibt es keine nutzbare Schnittstelle, <\/li>\n\n\n\n<li>angeblich soll sie 2022 kommen. &#8220;\u00dcber den Termin werden wir zeitnah in unseren offiziellen Kan\u00e4len berichten.&#8221;. Wer etwas wei\u00df: her damit! Danke. \ud83d\ude09<\/li>\n<\/ul>\n\n\n\n<h2 class=\"wp-block-heading\">Schneider Electric<\/h2>\n\n\n\n<p>&#8230; wollen mir eine (oder 2) Wallbox(en) zum Test zusenden (das war vor laaanger Zeit) &#8211; dann wieder (vor laaanger Zeit). Unzuverl\u00e4ssiger Hersteller. Derzeit also nicht implementiert.<\/p>\n\n\n\n<h2 class=\"wp-block-heading\">Pracht<\/h2>\n\n\n\n<p>&#8230; in Arbeit mit einem Kunden. Weitere Interessenten bitte melden<\/p>\n\n\n\n<h2 class=\"wp-block-heading\">MyEnergy Zappi<\/h2>\n\n\n\n<p>Hat nur Cloud-Zugriff. Da sind Probleme mit der Cloud und den Update-Zyklen vorhersehbar, daher&#8230; Teufel und Weihwasser&#8230;<br>Meine App will wenn m\u00f6glich 5-Sekunden-Rhythmen, und das INet addiert eh Verz\u00f6gerungen, die Probleme machen k\u00f6nnen. Wenn ich so was lese wie<\/p>\n\n\n\n<blockquote class=\"wp-block-quote is-layout-flow wp-block-quote-is-layout-flow\">\n<p>&#8220;We use the Zappi API to monitor the power usage on each phase in Home Assistant. I noticed that the values refresh every 60s. Is there a way to increase the refresh rate to every 5s (or 10s)?&#8221; (<a href=\"https:\/\/myenergi.info\/refresh-rate-t6983.html?sid=af4277e28518db4503cacadcb6daaa8c\">https:\/\/myenergi.info\/refresh-rate-t6983.html?sid=af4277e28518db4503cacadcb6daaa8c<\/a>)<\/p>\n<\/blockquote>\n\n\n\n<p>Es wird woanders geschrieben, dass die Daten 1 mal pro Sekunde updated werden, aber (<a href=\"https:\/\/myenergi.info\/data-frequency-request-frequency-t5905.html?sid=af4277e28518db4503cacadcb6daaa8c\">https:\/\/myenergi.info\/data-frequency-request-frequency-t5905.html?sid=af4277e28518db4503cacadcb6daaa8c<\/a>) es k\u00f6nnte bei &#8220;abusive usage&#8221; mal verhindert werden. 5-Sekunden-Steuerung rund um die Uhr k\u00f6nnte pretty abusive sein&#8230; \ud83d\ude09<br><br>&#8230; dann ist das ein KO-Kriterium. Taugt nicht f\u00fcr eine gute PV-\u00dcberschussregelung.<\/p>\n","protected":false,"raw":"<!-- wp:heading -->\n<h2 class=\"wp-block-heading\">Evsedo (siehe auch - evtl. baugleich - autoaid)<\/h2>\n<!-- \/wp:heading -->\n\n<!-- wp:list -->\n<ul><!-- wp:list-item -->\n<li>keine ver\u00f6ffentlichte API<\/li>\n<!-- \/wp:list-item -->\n\n<!-- wp:list-item -->\n<li>Anfrage l\u00e4uft, Antwort kam schnell: \"wir wollen es evaluieren\". Klingt gut. Stay tuned. Passiert aber nix.<\/li>\n<!-- \/wp:list-item --><\/ul>\n<!-- \/wp:list -->\n\n<!-- wp:heading -->\n<h2 class=\"wp-block-heading\">Alpha ESS Smile<\/h2>\n<!-- \/wp:heading -->\n\n<!-- wp:list -->\n<ul><!-- wp:list-item -->\n<li>keine ver\u00f6ffentlichte API<\/li>\n<!-- \/wp:list-item -->\n\n<!-- wp:list-item -->\n<li>Anfrage l\u00e4uft (nix passiert)<\/li>\n<!-- \/wp:list-item --><\/ul>\n<!-- \/wp:list -->\n\n<!-- wp:heading -->\n<h2 class=\"wp-block-heading\">Weexu M3W (Daheimladen etc)<\/h2>\n<!-- \/wp:heading -->\n\n<!-- wp:list -->\n<ul><!-- wp:list-item -->\n<li>\"daheimladen\" hat keine ver\u00f6ffentlichte API, es ist also keine Steuerung der Box m\u00f6glich.<\/li>\n<!-- \/wp:list-item -->\n\n<!-- wp:list-item -->\n<li>angefragt - keine Antwort des Herstellers<\/li>\n<!-- \/wp:list-item --><\/ul>\n<!-- \/wp:list -->\n\n<!-- wp:heading -->\n<h2 class=\"wp-block-heading\">autoaid, Entratek, Duosida, etc<\/h2>\n<!-- \/wp:heading -->\n\n<!-- wp:list -->\n<ul><!-- wp:list-item -->\n<li>nur OCPP (cloudbasiertes Abrechnungs- und Lastmanagement-Protokoll)<\/li>\n<!-- \/wp:list-item -->\n\n<!-- wp:list-item -->\n<li>angefragt - keine Antwort des Herstellers<\/li>\n<!-- \/wp:list-item --><\/ul>\n<!-- \/wp:list -->\n\n<!-- wp:heading -->\n<h2 class=\"wp-block-heading\">wallbox.com, Pulsar<\/h2>\n<!-- \/wp:heading -->\n\n<!-- wp:list -->\n<ul><!-- wp:list-item -->\n<li>angefragt - keine Antwort des Herstellers<\/li>\n<!-- \/wp:list-item --><\/ul>\n<!-- \/wp:list -->\n\n<!-- wp:heading -->\n<h2 class=\"wp-block-heading\">Zaptec Go<\/h2>\n<!-- \/wp:heading -->\n\n<!-- wp:list -->\n<ul><!-- wp:list-item -->\n<li>reine Cloud-API, nein danke<\/li>\n<!-- \/wp:list-item --><\/ul>\n<!-- \/wp:list -->\n\n<!-- wp:heading -->\n<h2 class=\"wp-block-heading\">VW \/ elli<\/h2>\n<!-- \/wp:heading -->\n\n<!-- wp:list -->\n<ul><!-- wp:list-item -->\n<li>nur OCPP (cloudbasiertes Abrechnungs- und Lastmanagement-Protokoll)<\/li>\n<!-- \/wp:list-item -->\n\n<!-- wp:list-item -->\n<li>EEBUS - zu komplex, um es jetzt anzugehen, wird aber kommen.<\/li>\n<!-- \/wp:list-item --><\/ul>\n<!-- \/wp:list -->\n\n<!-- wp:heading -->\n<h2 class=\"wp-block-heading\">Elvi<\/h2>\n<!-- \/wp:heading -->\n\n<!-- wp:list -->\n<ul><!-- wp:list-item -->\n<li>Anfrage, \"klingt interessant\", wollten zur\u00fcckrufen (das war Anfang 2021- aber die fingen schon in der ersten Mail mit \"business cases\" an, dann ist klar, dass das nichts wird)<\/li>\n<!-- \/wp:list-item --><\/ul>\n<!-- \/wp:list -->\n\n<!-- wp:heading -->\n<h2 class=\"wp-block-heading\">senec<\/h2>\n<!-- \/wp:heading -->\n\n<!-- wp:list -->\n<ul><!-- wp:list-item -->\n<li>keine Dokumentation. Evtl. \u00fcber \"wbec\" (<a href=\"https:\/\/opensourcelibs.com\/lib\/wbec\">https:\/\/opensourcelibs.com\/lib\/wbec<\/a>) steuerbar.<\/li>\n<!-- \/wp:list-item --><\/ul>\n<!-- \/wp:list -->\n\n<!-- wp:heading -->\n<h2 class=\"wp-block-heading\">SMA<\/h2>\n<!-- \/wp:heading -->\n\n<!-- wp:list -->\n<ul><!-- wp:list-item -->\n<li>Laut Kommentarbereich gibt es keine nutzbare Schnittstelle, <\/li>\n<!-- \/wp:list-item -->\n\n<!-- wp:list-item -->\n<li>angeblich soll sie 2022 kommen. \"\u00dcber den Termin werden wir zeitnah in unseren offiziellen Kan\u00e4len berichten.\". Wer etwas wei\u00df: her damit! Danke. ;)<\/li>\n<!-- \/wp:list-item --><\/ul>\n<!-- \/wp:list -->\n\n<!-- wp:heading -->\n<h2 class=\"wp-block-heading\">Schneider Electric<\/h2>\n<!-- \/wp:heading -->\n\n<!-- wp:paragraph -->\n<p>... wollen mir eine (oder 2) Wallbox(en) zum Test zusenden (das war vor laaanger Zeit) - dann wieder (vor laaanger Zeit). Unzuverl\u00e4ssiger Hersteller. Derzeit also nicht implementiert.<\/p>\n<!-- \/wp:paragraph -->\n\n<!-- wp:heading -->\n<h2 class=\"wp-block-heading\">Pracht<\/h2>\n<!-- \/wp:heading -->\n\n<!-- wp:paragraph -->\n<p>... in Arbeit mit einem Kunden. Weitere Interessenten bitte melden<\/p>\n<!-- \/wp:paragraph -->\n\n<!-- wp:heading -->\n<h2 class=\"wp-block-heading\">MyEnergy Zappi<\/h2>\n<!-- \/wp:heading -->\n\n<!-- wp:paragraph -->\n<p>Hat nur Cloud-Zugriff. Da sind Probleme mit der Cloud und den Update-Zyklen vorhersehbar, daher... Teufel und Weihwasser...<br>Meine App will wenn m\u00f6glich 5-Sekunden-Rhythmen, und das INet addiert eh Verz\u00f6gerungen, die Probleme machen k\u00f6nnen. Wenn ich so was lese wie<\/p>\n<!-- \/wp:paragraph -->\n\n<!-- wp:quote -->\n<blockquote class=\"wp-block-quote\"><!-- wp:paragraph -->\n<p>\"We use the Zappi API to monitor the power usage on each phase in Home Assistant. I noticed that the values refresh every 60s. Is there a way to increase the refresh rate to every 5s (or 10s)?\" (<a href=\"https:\/\/myenergi.info\/refresh-rate-t6983.html?sid=af4277e28518db4503cacadcb6daaa8c\">https:\/\/myenergi.info\/refresh-rate-t6983.html?sid=af4277e28518db4503cacadcb6daaa8c<\/a>)<\/p>\n<!-- \/wp:paragraph --><\/blockquote>\n<!-- \/wp:quote -->\n\n<!-- wp:paragraph -->\n<p>Es wird woanders geschrieben, dass die Daten 1 mal pro Sekunde updated werden, aber (<a href=\"https:\/\/myenergi.info\/data-frequency-request-frequency-t5905.html?sid=af4277e28518db4503cacadcb6daaa8c\">https:\/\/myenergi.info\/data-frequency-request-frequency-t5905.html?sid=af4277e28518db4503cacadcb6daaa8c<\/a>) es k\u00f6nnte bei \"abusive usage\" mal verhindert werden. 5-Sekunden-Steuerung rund um die Uhr k\u00f6nnte pretty abusive sein... ;)<br><br>... dann ist das ein KO-Kriterium. Taugt nicht f\u00fcr eine gute PV-\u00dcberschussregelung.<\/p>\n<!-- \/wp:paragraph -->"},"excerpt":{"rendered":"","protected":false,"raw":""},"author":1,"featured_media":0,"parent":2368,"menu_order":1,"comment_status":"closed","ping_status":"closed","template":"","meta":{"_en_post_content":"","_en_post_name":"nicht-unterstutze-wallboxen","_en_post_excerpt":"","_en_post_title":"Not supported\/supportable Wallboxes","_de_post_content":"<!-- wp:heading -->\n<h2 class=\"wp-block-heading\">Evsedo (siehe auch - evtl. baugleich - autoaid)<\/h2>\n<!-- \/wp:heading -->\n\n<!-- wp:list -->\n<ul><!-- wp:list-item -->\n<li>keine ver\u00f6ffentlichte API<\/li>\n<!-- \/wp:list-item -->\n\n<!-- wp:list-item -->\n<li>Anfrage l\u00e4uft, Antwort kam schnell: \"wir wollen es evaluieren\". Klingt gut. Stay tuned. Passiert aber nix.<\/li>\n<!-- \/wp:list-item --><\/ul>\n<!-- \/wp:list -->\n\n<!-- wp:heading -->\n<h2 class=\"wp-block-heading\">Alpha ESS Smile<\/h2>\n<!-- \/wp:heading -->\n\n<!-- wp:list -->\n<ul><!-- wp:list-item -->\n<li>keine ver\u00f6ffentlichte API<\/li>\n<!-- \/wp:list-item -->\n\n<!-- wp:list-item -->\n<li>Anfrage l\u00e4uft (nix passiert)<\/li>\n<!-- \/wp:list-item --><\/ul>\n<!-- \/wp:list -->\n\n<!-- wp:heading -->\n<h2 class=\"wp-block-heading\">Weexu M3W (Daheimladen etc)<\/h2>\n<!-- \/wp:heading -->\n\n<!-- wp:list -->\n<ul><!-- wp:list-item -->\n<li>\"daheimladen\" hat keine ver\u00f6ffentlichte API, es ist also keine Steuerung der Box m\u00f6glich.<\/li>\n<!-- \/wp:list-item -->\n\n<!-- wp:list-item -->\n<li>angefragt - keine Antwort des Herstellers<\/li>\n<!-- \/wp:list-item --><\/ul>\n<!-- \/wp:list -->\n\n<!-- wp:heading -->\n<h2 class=\"wp-block-heading\">autoaid, Entratek, Duosida, etc<\/h2>\n<!-- \/wp:heading -->\n\n<!-- wp:list -->\n<ul><!-- wp:list-item -->\n<li>nur OCPP (cloudbasiertes Abrechnungs- und Lastmanagement-Protokoll)<\/li>\n<!-- \/wp:list-item -->\n\n<!-- wp:list-item -->\n<li>angefragt - keine Antwort des Herstellers<\/li>\n<!-- \/wp:list-item --><\/ul>\n<!-- \/wp:list -->\n\n<!-- wp:heading -->\n<h2 class=\"wp-block-heading\">wallbox.com, Pulsar<\/h2>\n<!-- \/wp:heading -->\n\n<!-- wp:list -->\n<ul><!-- wp:list-item -->\n<li>angefragt - keine Antwort des Herstellers<\/li>\n<!-- \/wp:list-item --><\/ul>\n<!-- \/wp:list -->\n\n<!-- wp:heading -->\n<h2 class=\"wp-block-heading\">Zaptec Go<\/h2>\n<!-- \/wp:heading -->\n\n<!-- wp:list -->\n<ul><!-- wp:list-item -->\n<li>reine Cloud-API, nein danke<\/li>\n<!-- \/wp:list-item --><\/ul>\n<!-- \/wp:list -->\n\n<!-- wp:heading -->\n<h2 class=\"wp-block-heading\">VW \/ elli<\/h2>\n<!-- \/wp:heading -->\n\n<!-- wp:list -->\n<ul><!-- wp:list-item -->\n<li>nur OCPP (cloudbasiertes Abrechnungs- und Lastmanagement-Protokoll)<\/li>\n<!-- \/wp:list-item -->\n\n<!-- wp:list-item -->\n<li>EEBUS - zu komplex, um es jetzt anzugehen, wird aber kommen.<\/li>\n<!-- \/wp:list-item --><\/ul>\n<!-- \/wp:list -->\n\n<!-- wp:heading -->\n<h2 class=\"wp-block-heading\">Elvi<\/h2>\n<!-- \/wp:heading -->\n\n<!-- wp:list -->\n<ul><!-- wp:list-item -->\n<li>Anfrage, \"klingt interessant\", wollten zur\u00fcckrufen (das war Anfang 2021- aber die fingen schon in der ersten Mail mit \"business cases\" an, dann ist klar, dass das nichts wird)<\/li>\n<!-- \/wp:list-item --><\/ul>\n<!-- \/wp:list -->\n\n<!-- wp:heading -->\n<h2 class=\"wp-block-heading\">senec<\/h2>\n<!-- \/wp:heading -->\n\n<!-- wp:list -->\n<ul><!-- wp:list-item -->\n<li>keine Dokumentation. Evtl. \u00fcber \"wbec\" (<a href=\"https:\/\/opensourcelibs.com\/lib\/wbec\">https:\/\/opensourcelibs.com\/lib\/wbec<\/a>) steuerbar.<\/li>\n<!-- \/wp:list-item --><\/ul>\n<!-- \/wp:list -->\n\n<!-- wp:heading -->\n<h2 class=\"wp-block-heading\">SMA<\/h2>\n<!-- \/wp:heading -->\n\n<!-- wp:list -->\n<ul><!-- wp:list-item -->\n<li>Laut Kommentarbereich gibt es keine nutzbare Schnittstelle, <\/li>\n<!-- \/wp:list-item -->\n\n<!-- wp:list-item -->\n<li>angeblich soll sie 2022 kommen. \"\u00dcber den Termin werden wir zeitnah in unseren offiziellen Kan\u00e4len berichten.\". Wer etwas wei\u00df: her damit! Danke. ;)<\/li>\n<!-- \/wp:list-item --><\/ul>\n<!-- \/wp:list -->\n\n<!-- wp:heading -->\n<h2 class=\"wp-block-heading\">Schneider Electric<\/h2>\n<!-- \/wp:heading -->\n\n<!-- wp:paragraph -->\n<p>... wollen mir eine (oder 2) Wallbox(en) zum Test zusenden (das war vor laaanger Zeit) - dann wieder (vor laaanger Zeit). Unzuverl\u00e4ssiger Hersteller. Derzeit also nicht implementiert.<\/p>\n<!-- \/wp:paragraph -->\n\n<!-- wp:heading -->\n<h2 class=\"wp-block-heading\">Pracht<\/h2>\n<!-- \/wp:heading -->\n\n<!-- wp:paragraph -->\n<p>... in Arbeit mit einem Kunden. Weitere Interessenten bitte melden<\/p>\n<!-- \/wp:paragraph -->\n\n<!-- wp:heading -->\n<h2 class=\"wp-block-heading\">MyEnergy Zappi<\/h2>\n<!-- \/wp:heading -->\n\n<!-- wp:paragraph -->\n<p>Hat nur Cloud-Zugriff. Da sind Probleme mit der Cloud und den Update-Zyklen vorhersehbar, daher... Teufel und Weihwasser...<br>Meine App will wenn m\u00f6glich 5-Sekunden-Rhythmen, und das INet addiert eh Verz\u00f6gerungen, die Probleme machen k\u00f6nnen. Wenn ich so was lese wie<\/p>\n<!-- \/wp:paragraph -->\n\n<!-- wp:quote -->\n<blockquote class=\"wp-block-quote\"><!-- wp:paragraph -->\n<p>\"We use the Zappi API to monitor the power usage on each phase in Home Assistant. I noticed that the values refresh every 60s. Is there a way to increase the refresh rate to every 5s (or 10s)?\" (<a href=\"https:\/\/myenergi.info\/refresh-rate-t6983.html?sid=af4277e28518db4503cacadcb6daaa8c\">https:\/\/myenergi.info\/refresh-rate-t6983.html?sid=af4277e28518db4503cacadcb6daaa8c<\/a>)<\/p>\n<!-- \/wp:paragraph --><\/blockquote>\n<!-- \/wp:quote -->\n\n<!-- wp:paragraph -->\n<p>Es wird woanders geschrieben, dass die Daten 1 mal pro Sekunde updated werden, aber (<a href=\"https:\/\/myenergi.info\/data-frequency-request-frequency-t5905.html?sid=af4277e28518db4503cacadcb6daaa8c\">https:\/\/myenergi.info\/data-frequency-request-frequency-t5905.html?sid=af4277e28518db4503cacadcb6daaa8c<\/a>) es k\u00f6nnte bei \"abusive usage\" mal verhindert werden. 5-Sekunden-Steuerung rund um die Uhr k\u00f6nnte pretty abusive sein... ;)<br><br>... dann ist das ein KO-Kriterium. Taugt nicht f\u00fcr eine gute PV-\u00dcberschussregelung.<\/p>\n<!-- \/wp:paragraph -->","_de_post_name":"","_de_post_excerpt":"","_de_post_title":"Nicht unterst\u00fctzte\/unterst\u00fctzbare Wallboxen","edit_language":"de","footnotes":""},"class_list":["post-3521","page","type-page","status-publish","hentry"],"_links":{"self":[{"href":"https:\/\/android.chk.digital\/de\/wp-json\/wp\/v2\/pages\/3521","targetHints":{"allow":["GET"]}}],"collection":[{"href":"https:\/\/android.chk.digital\/de\/wp-json\/wp\/v2\/pages"}],"about":[{"href":"https:\/\/android.chk.digital\/de\/wp-json\/wp\/v2\/types\/page"}],"author":[{"embeddable":true,"href":"https:\/\/android.chk.digital\/de\/wp-json\/wp\/v2\/users\/1"}],"replies":[{"embeddable":true,"href":"https:\/\/android.chk.digital\/de\/wp-json\/wp\/v2\/comments?post=3521"}],"version-history":[{"count":4,"href":"https:\/\/android.chk.digital\/de\/wp-json\/wp\/v2\/pages\/3521\/revisions"}],"predecessor-version":[{"id":3528,"href":"https:\/\/android.chk.digital\/de\/wp-json\/wp\/v2\/pages\/3521\/revisions\/3528"}],"up":[{"embeddable":true,"href":"https:\/\/android.chk.digital\/de\/wp-json\/wp\/v2\/pages\/2368"}],"wp:attachment":[{"href":"https:\/\/android.chk.digital\/de\/wp-json\/wp\/v2\/media?parent=3521"}],"curies":[{"name":"wp","href":"https:\/\/api.w.org\/{rel}","templated":true}]}}